{"id":11673,"date":"2024-03-07T18:11:45","date_gmt":"2024-03-07T16:11:45","guid":{"rendered":"https:\/\/morphdesign.dk\/?page_id=11673"},"modified":"2024-12-29T00:35:09","modified_gmt":"2024-12-28T22:35:09","slug":"om-morph-design","status":"publish","type":"page","link":"https:\/\/morphdesign.dk\/en\/om-morph-design\/","title":{"rendered":"About MORPH design"},"content":{"rendered":"<div data-elementor-type=\"wp-page\" data-elementor-id=\"11673\" class=\"elementor elementor-11673\">\n\t\t\t\t\t\t<section class=\"elementor-section elementor-top-section elementor-element elementor-element-b05fd12 elementor-section-boxed elementor-section-height-default elementor-section-height-default\" data-id=\"b05fd12\" data-element_type=\"section\" data-e-type=\"section\" data-settings=\"{&quot;background_background&quot;:&quot;classic&quot;}\">\n\t\t\t\t\t\t<div class=\"elementor-container elementor-column-gap-default\">\n\t\t\t\t\t<div class=\"elementor-column elementor-col-25 elementor-top-column elementor-element elementor-element-21f3aab\" data-id=\"21f3aab\" data-element_type=\"column\" data-e-type=\"column\" data-settings=\"{&quot;background_background&quot;:&quot;classic&quot;}\">\n\t\t\t<div class=\"elementor-widget-wrap elementor-element-populated\">\n\t\t\t\t\t\t<div class=\"elementor-element elementor-element-adb93e7 elementor-widget elementor-widget-image\" data-id=\"adb93e7\" data-element_type=\"widget\" data-e-type=\"widget\" data-widget_type=\"image.default\">\n\t\t\t\t<div class=\"elementor-widget-container\">\n\t\t\t\t\t\t\t\t\t\t\t\t\t\t\t\t<a href=\"\/en\/fotokunst\/\">\n\t\t\t\t\t\t\t<img fetchpriority=\"high\" decoding=\"async\" width=\"480\" height=\"480\" src=\"https:\/\/morphdesign.dk\/wp-content\/uploads\/2024\/12\/3-NEW.jpg\" class=\"elementor-animation-grow attachment-large size-large wp-image-15967\" alt=\"\" srcset=\"https:\/\/morphdesign.dk\/wp-content\/uploads\/2024\/12\/3-NEW.jpg 480w, https:\/\/morphdesign.dk\/wp-content\/uploads\/2024\/12\/3-NEW-300x300.jpg 300w, https:\/\/morphdesign.dk\/wp-content\/uploads\/2024\/12\/3-NEW-150x150.jpg 150w, https:\/\/morphdesign.dk\/wp-content\/uploads\/2024\/12\/3-NEW-12x12.jpg 12w, https:\/\/morphdesign.dk\/wp-content\/uploads\/2024\/12\/3-NEW-100x100.jpg 100w\" sizes=\"(max-width: 480px) 100vw, 480px\" \/>\t\t\t\t\t\t\t\t<\/a>\n\t\t\t\t\t\t\t\t\t\t\t\t\t\t\t<\/div>\n\t\t\t\t<\/div>\n\t\t\t\t\t<\/div>\n\t\t<\/div>\n\t\t\t\t<div class=\"elementor-column elementor-col-25 elementor-top-column elementor-element elementor-element-3807b96\" data-id=\"3807b96\" data-element_type=\"column\" data-e-type=\"column\" data-settings=\"{&quot;background_background&quot;:&quot;classic&quot;}\">\n\t\t\t<div class=\"elementor-widget-wrap elementor-element-populated\">\n\t\t\t\t\t\t<div class=\"elementor-element elementor-element-921bac0 elementor-widget elementor-widget-image\" data-id=\"921bac0\" data-element_type=\"widget\" data-e-type=\"widget\" data-widget_type=\"image.default\">\n\t\t\t\t<div class=\"elementor-widget-container\">\n\t\t\t\t\t\t\t\t\t\t\t\t\t\t\t\t<a href=\"\/en\/om-morph-design\/\">\n\t\t\t\t\t\t\t<img decoding=\"async\" width=\"480\" height=\"480\" src=\"https:\/\/morphdesign.dk\/wp-content\/uploads\/2024\/12\/1-NEW.jpg\" class=\"elementor-animation-grow attachment-large size-large wp-image-15965\" alt=\"\" srcset=\"https:\/\/morphdesign.dk\/wp-content\/uploads\/2024\/12\/1-NEW.jpg 480w, https:\/\/morphdesign.dk\/wp-content\/uploads\/2024\/12\/1-NEW-300x300.jpg 300w, https:\/\/morphdesign.dk\/wp-content\/uploads\/2024\/12\/1-NEW-150x150.jpg 150w, https:\/\/morphdesign.dk\/wp-content\/uploads\/2024\/12\/1-NEW-12x12.jpg 12w, https:\/\/morphdesign.dk\/wp-content\/uploads\/2024\/12\/1-NEW-100x100.jpg 100w\" sizes=\"(max-width: 480px) 100vw, 480px\" \/>\t\t\t\t\t\t\t\t<\/a>\n\t\t\t\t\t\t\t\t\t\t\t\t\t\t\t<\/div>\n\t\t\t\t<\/div>\n\t\t\t\t\t<\/div>\n\t\t<\/div>\n\t\t\t\t<div class=\"elementor-column elementor-col-25 elementor-top-column elementor-element elementor-element-d475ecf\" data-id=\"d475ecf\" data-element_type=\"column\" data-e-type=\"column\" data-settings=\"{&quot;background_background&quot;:&quot;classic&quot;}\">\n\t\t\t<div class=\"elementor-widget-wrap elementor-element-populated\">\n\t\t\t\t\t\t<div class=\"elementor-element elementor-element-f846af7 elementor-widget elementor-widget-image\" data-id=\"f846af7\" data-element_type=\"widget\" data-e-type=\"widget\" data-widget_type=\"image.default\">\n\t\t\t\t<div class=\"elementor-widget-container\">\n\t\t\t\t\t\t\t\t\t\t\t\t\t\t\t\t<a href=\"\/en\/t-shirt-unisex-sort\/\">\n\t\t\t\t\t\t\t<img decoding=\"async\" width=\"480\" height=\"480\" src=\"https:\/\/morphdesign.dk\/wp-content\/uploads\/2024\/12\/2-NEW.jpg\" class=\"elementor-animation-grow attachment-large size-large wp-image-15966\" alt=\"\" srcset=\"https:\/\/morphdesign.dk\/wp-content\/uploads\/2024\/12\/2-NEW.jpg 480w, https:\/\/morphdesign.dk\/wp-content\/uploads\/2024\/12\/2-NEW-300x300.jpg 300w, https:\/\/morphdesign.dk\/wp-content\/uploads\/2024\/12\/2-NEW-150x150.jpg 150w, https:\/\/morphdesign.dk\/wp-content\/uploads\/2024\/12\/2-NEW-12x12.jpg 12w, https:\/\/morphdesign.dk\/wp-content\/uploads\/2024\/12\/2-NEW-100x100.jpg 100w\" sizes=\"(max-width: 480px) 100vw, 480px\" \/>\t\t\t\t\t\t\t\t<\/a>\n\t\t\t\t\t\t\t\t\t\t\t\t\t\t\t<\/div>\n\t\t\t\t<\/div>\n\t\t\t\t\t<\/div>\n\t\t<\/div>\n\t\t\t\t<div class=\"elementor-column elementor-col-25 elementor-top-column elementor-element elementor-element-f17d09b\" data-id=\"f17d09b\" data-element_type=\"column\" data-e-type=\"column\" data-settings=\"{&quot;background_background&quot;:&quot;classic&quot;}\">\n\t\t\t<div class=\"elementor-widget-wrap elementor-element-populated\">\n\t\t\t\t\t\t<div class=\"elementor-element elementor-element-01790a1 elementor-widget elementor-widget-image\" data-id=\"01790a1\" data-element_type=\"widget\" data-e-type=\"widget\" data-widget_type=\"image.default\">\n\t\t\t\t<div class=\"elementor-widget-container\">\n\t\t\t\t\t\t\t\t\t\t\t\t\t\t\t\t<a href=\"\/en\/om-morph-design\/\">\n\t\t\t\t\t\t\t<img loading=\"lazy\" decoding=\"async\" width=\"480\" height=\"480\" src=\"https:\/\/morphdesign.dk\/wp-content\/uploads\/2024\/12\/4-NEW.jpg\" class=\"elementor-animation-grow attachment-large size-large wp-image-15968\" alt=\"\" srcset=\"https:\/\/morphdesign.dk\/wp-content\/uploads\/2024\/12\/4-NEW.jpg 480w, https:\/\/morphdesign.dk\/wp-content\/uploads\/2024\/12\/4-NEW-300x300.jpg 300w, https:\/\/morphdesign.dk\/wp-content\/uploads\/2024\/12\/4-NEW-150x150.jpg 150w, https:\/\/morphdesign.dk\/wp-content\/uploads\/2024\/12\/4-NEW-12x12.jpg 12w, https:\/\/morphdesign.dk\/wp-content\/uploads\/2024\/12\/4-NEW-100x100.jpg 100w\" sizes=\"(max-width: 480px) 100vw, 480px\" \/>\t\t\t\t\t\t\t\t<\/a>\n\t\t\t\t\t\t\t\t\t\t\t\t\t\t\t<\/div>\n\t\t\t\t<\/div>\n\t\t\t\t\t<\/div>\n\t\t<\/div>\n\t\t\t\t\t<\/div>\n\t\t<\/section>\n\t\t\t\t<section class=\"elementor-section elementor-top-section elementor-element elementor-element-c0e1e76 elementor-section-boxed elementor-section-height-default elementor-section-height-default\" data-id=\"c0e1e76\" data-element_type=\"section\" data-e-type=\"section\">\n\t\t\t\t\t\t<div class=\"elementor-container elementor-column-gap-default\">\n\t\t\t\t\t<div class=\"elementor-column elementor-col-100 elementor-top-column elementor-element elementor-element-1fcb6ce\" data-id=\"1fcb6ce\" data-element_type=\"column\" data-e-type=\"column\">\n\t\t\t<div class=\"elementor-widget-wrap elementor-element-populated\">\n\t\t\t\t\t\t<div class=\"elementor-element elementor-element-01f89ab elementor-widget elementor-widget-heading\" data-id=\"01f89ab\" data-element_type=\"widget\" data-e-type=\"widget\" data-widget_type=\"heading.default\">\n\t\t\t\t<div class=\"elementor-widget-container\">\n\t\t\t\t\t<h1 class=\"elementor-heading-title elementor-size-default\">MORPH design<\/h1>\t\t\t\t<\/div>\n\t\t\t\t<\/div>\n\t\t\t\t<div class=\"elementor-element elementor-element-899344b elementor-widget elementor-widget-text-editor\" data-id=\"899344b\" data-element_type=\"widget\" data-e-type=\"widget\" data-widget_type=\"text-editor.default\">\n\t\t\t\t<div class=\"elementor-widget-container\">\n\t\t\t\t\t\t\t\t\t<p>At\u00a0<strong><a href=\"\/en\/kontakt\/\">Hundested Harbour<\/a><\/strong>, among screeching seagulls, beautiful ships and cozy shops lies MORPH design.<br \/>The small shop with craftsmanship, gallery and workshop was founded in 2022 and is run by designer Marianne Lehmann.<\/p><p>MORPH design mainly sells its own design, which i.a. includes printed t-shirts, photo art and postcards.<\/p><p>Ceramics designed by the Danish ceramist Christian Bruun, and products by furniture architect Anette Rosendal can also be found in the shop at the harbor in Hundested.<\/p><p>We do our best to fill the store with high-quality design, where delicious materials and good craftsmanship are a must.<\/p><p class=\"translation-block\">In the <strong><a href=\"\/en\/#morphshoppen\" target=\"_self\">webshop<\/a><\/strong> here on this site it is also possible to buy MORPH design products. Here you will find <a href=\"\/en\/t-shirt-unisex-sort\/\" target=\"_self\"><strong>MORPH design t-shirts<\/strong><\/a>, <a href=\"\/en\/fotokunst\/\" target=\"_self\"><strong>photoart by photographer Ole Arnt Thomsen,<\/strong><\/a>\u00a0<strong><a href=\"\/en\/morphies\/\" target=\"_self\">Morphies<\/a><\/strong> and <a href=\"\/en\/morph-fyrfad\/\" target=\"_self\"><strong>MORPH Candle Holder.<\/strong><\/a><\/p><p>Thank you for visiting our website, and of course you are also welcome in the physical store at Hundested harbour.<\/p>\t\t\t\t\t\t\t\t<\/div>\n\t\t\t\t<\/div>\n\t\t\t\t<div class=\"elementor-element elementor-element-ac007e0 elementor-widget elementor-widget-text-editor\" data-id=\"ac007e0\" data-element_type=\"widget\" data-e-type=\"widget\" data-widget_type=\"text-editor.default\">\n\t\t\t\t<div class=\"elementor-widget-container\">\n\t\t\t\t\t\t\t\t\t<p>Best regards, MORPH design<\/p>\t\t\t\t\t\t\t\t<\/div>\n\t\t\t\t<\/div>\n\t\t\t\t\t<\/div>\n\t\t<\/div>\n\t\t\t\t\t<\/div>\n\t\t<\/section>\n\t\t\t\t<section class=\"elementor-section elementor-top-section elementor-element elementor-element-f8f0340 elementor-section-boxed elementor-section-height-default elementor-section-height-default\" data-id=\"f8f0340\" data-element_type=\"section\" data-e-type=\"section\" data-settings=\"{&quot;background_background&quot;:&quot;classic&quot;}\">\n\t\t\t\t\t\t<div class=\"elementor-container elementor-column-gap-default\">\n\t\t\t\t\t<div class=\"elementor-column elementor-col-33 elementor-top-column elementor-element elementor-element-bb27583\" data-id=\"bb27583\" data-element_type=\"column\" data-e-type=\"column\">\n\t\t\t<div class=\"elementor-widget-wrap elementor-element-populated\">\n\t\t\t\t\t\t<div class=\"elementor-element elementor-element-e137ef4 elementor-align-center elementor-widget elementor-widget-button\" data-id=\"e137ef4\" data-element_type=\"widget\" data-e-type=\"widget\" data-widget_type=\"button.default\">\n\t\t\t\t<div class=\"elementor-widget-container\">\n\t\t\t\t\t\t\t\t\t<div class=\"elementor-button-wrapper\">\n\t\t\t\t\t<a class=\"elementor-button elementor-button-link elementor-size-sm\" href=\"https:\/\/morphdesign.dk\/en\/handelsbetingelser\/\">\n\t\t\t\t\t\t<span class=\"elementor-button-content-wrapper\">\n\t\t\t\t\t\t\t\t\t<span class=\"elementor-button-text\">Terms and Conditions<\/span>\n\t\t\t\t\t<\/span>\n\t\t\t\t\t<\/a>\n\t\t\t\t<\/div>\n\t\t\t\t\t\t\t\t<\/div>\n\t\t\t\t<\/div>\n\t\t\t\t\t<\/div>\n\t\t<\/div>\n\t\t\t\t<div class=\"elementor-column elementor-col-33 elementor-top-column elementor-element elementor-element-fb46274\" data-id=\"fb46274\" data-element_type=\"column\" data-e-type=\"column\">\n\t\t\t<div class=\"elementor-widget-wrap elementor-element-populated\">\n\t\t\t\t\t\t<div class=\"elementor-element elementor-element-1e33de0 elementor-widget elementor-widget-text-editor\" data-id=\"1e33de0\" data-element_type=\"widget\" data-e-type=\"widget\" data-widget_type=\"text-editor.default\">\n\t\t\t\t<div class=\"elementor-widget-container\">\n\t\t\t\t\t\t\t\t\t<p>MORPH design<br \/>Marianne Lehmann<br \/>Nordre Beddingsvej 39 K<br \/>3390 Hundested<\/p><p>Mobile: +45 22 79 34 88<br \/><a href=\"mailto:ml@morphdesign.dk\">ml@morphdesign.dk<\/a><br \/>www.morphdesign.dk<\/p>\t\t\t\t\t\t\t\t<\/div>\n\t\t\t\t<\/div>\n\t\t\t\t<div class=\"elementor-element elementor-element-3e515f0 elementor-shape-rounded elementor-grid-0 e-grid-align-center elementor-widget elementor-widget-social-icons\" data-id=\"3e515f0\" data-element_type=\"widget\" data-e-type=\"widget\" data-widget_type=\"social-icons.default\">\n\t\t\t\t<div class=\"elementor-widget-container\">\n\t\t\t\t\t\t\t<div class=\"elementor-social-icons-wrapper elementor-grid\">\n\t\t\t\t\t\t\t<span class=\"elementor-grid-item\">\n\t\t\t\t\t<a class=\"elementor-icon elementor-social-icon elementor-social-icon-instagram elementor-repeater-item-323452e\" href=\"https:\/\/instagram.com\/morph_design_dk\" target=\"_blank\">\n\t\t\t\t\t\t<span class=\"elementor-screen-only\">Instagram<\/span>\n\t\t\t\t\t\t<i aria-hidden=\"true\" class=\"fab fa-instagram\"><\/i>\t\t\t\t\t<\/a>\n\t\t\t\t<\/span>\n\t\t\t\t\t<\/div>\n\t\t\t\t\t\t<\/div>\n\t\t\t\t<\/div>\n\t\t\t\t\t<\/div>\n\t\t<\/div>\n\t\t\t\t<div class=\"elementor-column elementor-col-33 elementor-top-column elementor-element elementor-element-eccfcad\" data-id=\"eccfcad\" data-element_type=\"column\" data-e-type=\"column\">\n\t\t\t<div class=\"elementor-widget-wrap elementor-element-populated\">\n\t\t\t\t\t\t<div class=\"elementor-element elementor-element-fb2e325 elementor-align-center elementor-widget elementor-widget-button\" data-id=\"fb2e325\" data-element_type=\"widget\" data-e-type=\"widget\" data-widget_type=\"button.default\">\n\t\t\t\t<div class=\"elementor-widget-container\">\n\t\t\t\t\t\t\t\t\t<div class=\"elementor-button-wrapper\">\n\t\t\t\t\t<a class=\"elementor-button elementor-button-link elementor-size-sm\" href=\"https:\/\/morphdesign.dk\/en\/cookie-og-personoplysninger\/\">\n\t\t\t\t\t\t<span class=\"elementor-button-content-wrapper\">\n\t\t\t\t\t\t\t\t\t<span class=\"elementor-button-text\">Cookie- and Privacy Policy<\/span>\n\t\t\t\t\t<\/span>\n\t\t\t\t\t<\/a>\n\t\t\t\t<\/div>\n\t\t\t\t\t\t\t\t<\/div>\n\t\t\t\t<\/div>\n\t\t\t\t\t<\/div>\n\t\t<\/div>\n\t\t\t\t\t<\/div>\n\t\t<\/section>\n\t\t\t\t<\/div>","protected":false},"excerpt":{"rendered":"<p>MORPH design P\u00e5\u00a0Hundested havn, blandt skrattende m\u00e5ger, flotte skibe, og hyggelige forretninger ligger MORPH design.Den lille butik med kunsth\u00e5ndv\u00e6rk, galleri og v\u00e6rksted blev grundlagt i 2022 og drives af designer Marianne Lehmann. MORPH design s\u00e6lger hovedsaligt eget design, som bl.a. omfatter t-shirts med tryk, fotokunst og brevkort. Keramik formgivet af den danske keramiker Christian Bruun, [&hellip;]<\/p>\n","protected":false},"author":1,"featured_media":0,"parent":0,"menu_order":0,"comment_status":"closed","ping_status":"closed","template":"","meta":{"site-sidebar-layout":"no-sidebar","site-content-layout":"","ast-site-content-layout":"full-width-container","site-content-style":"default","site-sidebar-style":"default","ast-global-header-display":"","ast-banner-title-visibility":"","ast-main-header-display":"","ast-hfb-above-header-display":"","ast-hfb-below-header-display":"","ast-hfb-mobile-header-display":"","site-post-title":"disabled","ast-breadcrumbs-content":"","ast-featured-img":"disabled","footer-sml-layout":"","ast-disable-related-posts":"","theme-transparent-header-meta":"","adv-header-id-meta":"","stick-header-meta":"","header-above-stick-meta":"","header-main-stick-meta":"","header-below-stick-meta":"","astra-migrate-meta-layouts":"default","ast-page-background-enabled":"default","ast-page-background-meta":{"desktop":{"background-color":"var(--ast-global-color-4)","background-image":"","background-repeat":"repeat","background-position":"center center","background-size":"auto","background-attachment":"scroll","background-type":"","background-media":"","overlay-type":"","overlay-color":"","overlay-opacity":"","overlay-gradient":""},"tablet":{"background-color":"","background-image":"","background-repeat":"repeat","background-position":"center center","background-size":"auto","background-attachment":"scroll","background-type":"","background-media":"","overlay-type":"","overlay-color":"","overlay-opacity":"","overlay-gradient":""},"mobile":{"background-color":"","background-image":"","background-repeat":"repeat","background-position":"center center","background-size":"auto","background-attachment":"scroll","background-type":"","background-media":"","overlay-type":"","overlay-color":"","overlay-opacity":"","overlay-gradient":""}},"ast-content-background-meta":{"desktop":{"background-color":"var(--ast-global-color-5)","background-image":"","background-repeat":"repeat","background-position":"center center","background-size":"auto","background-attachment":"scroll","background-type":"","background-media":"","overlay-type":"","overlay-color":"","overlay-opacity":"","overlay-gradient":""},"tablet":{"background-color":"var(--ast-global-color-5)","background-image":"","background-repeat":"repeat","background-position":"center center","background-size":"auto","background-attachment":"scroll","background-type":"","background-media":"","overlay-type":"","overlay-color":"","overlay-opacity":"","overlay-gradient":""},"mobile":{"background-color":"var(--ast-global-color-5)","background-image":"","background-repeat":"repeat","background-position":"center center","background-size":"auto","background-attachment":"scroll","background-type":"","background-media":"","overlay-type":"","overlay-color":"","overlay-opacity":"","overlay-gradient":""}},"footnotes":""},"class_list":["post-11673","page","type-page","status-publish","hentry"],"yoast_head":"<!-- This site is optimized with the Yoast SEO plugin v27.5 - https:\/\/yoast.com\/product\/yoast-seo-wordpress\/ -->\n<title>Om MORPH design |<\/title>\n<meta name=\"robots\" content=\"index, follow, max-snippet:-1, max-image-preview:large, max-video-preview:-1\" \/>\n<link rel=\"canonical\" href=\"https:\/\/morphdesign.dk\/en\/om-morph-design\/\" \/>\n<meta property=\"og:locale\" content=\"en_GB\" \/>\n<meta property=\"og:type\" content=\"article\" \/>\n<meta property=\"og:title\" content=\"Om MORPH design |\" \/>\n<meta property=\"og:description\" content=\"MORPH design P\u00e5\u00a0Hundested havn, blandt skrattende m\u00e5ger, flotte skibe, og hyggelige forretninger ligger MORPH design.Den lille butik med kunsth\u00e5ndv\u00e6rk, galleri og v\u00e6rksted blev grundlagt i 2022 og drives af designer Marianne Lehmann. MORPH design s\u00e6lger hovedsaligt eget design, som bl.a. omfatter t-shirts med tryk, fotokunst og brevkort. Keramik formgivet af den danske keramiker Christian Bruun, [&hellip;]\" \/>\n<meta property=\"og:url\" content=\"https:\/\/morphdesign.dk\/en\/om-morph-design\/\" \/>\n<meta property=\"article:modified_time\" content=\"2024-12-28T22:35:09+00:00\" \/>\n<meta property=\"og:image\" content=\"https:\/\/morphdesign.dk\/wp-content\/uploads\/2024\/12\/3-NEW.jpg\" \/>\n\t<meta property=\"og:image:width\" content=\"480\" \/>\n\t<meta property=\"og:image:height\" content=\"480\" \/>\n\t<meta property=\"og:image:type\" content=\"image\/jpeg\" \/>\n<meta name=\"twitter:card\" content=\"summary_large_image\" \/>\n<meta name=\"twitter:label1\" content=\"Estimated reading time\" \/>\n\t<meta name=\"twitter:data1\" content=\"2 minutes\" \/>\n<script type=\"application\/ld+json\" class=\"yoast-schema-graph\">{\"@context\":\"https:\\\/\\\/schema.org\",\"@graph\":[{\"@type\":\"WebPage\",\"@id\":\"https:\\\/\\\/morphdesign.dk\\\/om-morph-design\\\/\",\"url\":\"https:\\\/\\\/morphdesign.dk\\\/om-morph-design\\\/\",\"name\":\"Om MORPH design |\",\"isPartOf\":{\"@id\":\"https:\\\/\\\/morphdesign.dk\\\/#website\"},\"primaryImageOfPage\":{\"@id\":\"https:\\\/\\\/morphdesign.dk\\\/om-morph-design\\\/#primaryimage\"},\"image\":{\"@id\":\"https:\\\/\\\/morphdesign.dk\\\/om-morph-design\\\/#primaryimage\"},\"thumbnailUrl\":\"https:\\\/\\\/morphdesign.dk\\\/wp-content\\\/uploads\\\/2024\\\/12\\\/3-NEW.jpg\",\"datePublished\":\"2024-03-07T16:11:45+00:00\",\"dateModified\":\"2024-12-28T22:35:09+00:00\",\"breadcrumb\":{\"@id\":\"https:\\\/\\\/morphdesign.dk\\\/om-morph-design\\\/#breadcrumb\"},\"inLanguage\":\"en-GB\",\"potentialAction\":[{\"@type\":\"ReadAction\",\"target\":[\"https:\\\/\\\/morphdesign.dk\\\/om-morph-design\\\/\"]}]},{\"@type\":\"ImageObject\",\"inLanguage\":\"en-GB\",\"@id\":\"https:\\\/\\\/morphdesign.dk\\\/om-morph-design\\\/#primaryimage\",\"url\":\"https:\\\/\\\/morphdesign.dk\\\/wp-content\\\/uploads\\\/2024\\\/12\\\/3-NEW.jpg\",\"contentUrl\":\"https:\\\/\\\/morphdesign.dk\\\/wp-content\\\/uploads\\\/2024\\\/12\\\/3-NEW.jpg\"},{\"@type\":\"BreadcrumbList\",\"@id\":\"https:\\\/\\\/morphdesign.dk\\\/om-morph-design\\\/#breadcrumb\",\"itemListElement\":[{\"@type\":\"ListItem\",\"position\":1,\"name\":\"Hjem\",\"item\":\"https:\\\/\\\/morphdesign.dk\\\/\"},{\"@type\":\"ListItem\",\"position\":2,\"name\":\"Om MORPH design\"}]},{\"@type\":\"WebSite\",\"@id\":\"https:\\\/\\\/morphdesign.dk\\\/#website\",\"url\":\"https:\\\/\\\/morphdesign.dk\\\/\",\"name\":\"MORPHdesign.dk\",\"description\":\"SHOP, GALLERI, V&AElig;RKSTED\",\"publisher\":{\"@id\":\"https:\\\/\\\/morphdesign.dk\\\/#organization\"},\"potentialAction\":[{\"@type\":\"SearchAction\",\"target\":{\"@type\":\"EntryPoint\",\"urlTemplate\":\"https:\\\/\\\/morphdesign.dk\\\/?s={search_term_string}\"},\"query-input\":{\"@type\":\"PropertyValueSpecification\",\"valueRequired\":true,\"valueName\":\"search_term_string\"}}],\"inLanguage\":\"en-GB\"},{\"@type\":\"Organization\",\"@id\":\"https:\\\/\\\/morphdesign.dk\\\/#organization\",\"name\":\"MORPH design\",\"url\":\"https:\\\/\\\/morphdesign.dk\\\/\",\"logo\":{\"@type\":\"ImageObject\",\"inLanguage\":\"en-GB\",\"@id\":\"https:\\\/\\\/morphdesign.dk\\\/#\\\/schema\\\/logo\\\/image\\\/\",\"url\":\"https:\\\/\\\/morphdesign.dk\\\/wp-content\\\/uploads\\\/2022\\\/04\\\/cropped-MORPH_tekst_logo-1.png\",\"contentUrl\":\"https:\\\/\\\/morphdesign.dk\\\/wp-content\\\/uploads\\\/2022\\\/04\\\/cropped-MORPH_tekst_logo-1.png\",\"width\":573,\"height\":529,\"caption\":\"MORPH design\"},\"image\":{\"@id\":\"https:\\\/\\\/morphdesign.dk\\\/#\\\/schema\\\/logo\\\/image\\\/\"},\"sameAs\":[\"https:\\\/\\\/instagram.com\\\/morph_design_dk\"]}]}<\/script>\n<!-- \/ Yoast SEO plugin. -->","yoast_head_json":{"title":"Om MORPH design |","robots":{"index":"index","follow":"follow","max-snippet":"max-snippet:-1","max-image-preview":"max-image-preview:large","max-video-preview":"max-video-preview:-1"},"canonical":"https:\/\/morphdesign.dk\/en\/om-morph-design\/","og_locale":"en_GB","og_type":"article","og_title":"Om MORPH design |","og_description":"MORPH design P\u00e5\u00a0Hundested havn, blandt skrattende m\u00e5ger, flotte skibe, og hyggelige forretninger ligger MORPH design.Den lille butik med kunsth\u00e5ndv\u00e6rk, galleri og v\u00e6rksted blev grundlagt i 2022 og drives af designer Marianne Lehmann. MORPH design s\u00e6lger hovedsaligt eget design, som bl.a. omfatter t-shirts med tryk, fotokunst og brevkort. Keramik formgivet af den danske keramiker Christian Bruun, [&hellip;]","og_url":"https:\/\/morphdesign.dk\/en\/om-morph-design\/","article_modified_time":"2024-12-28T22:35:09+00:00","og_image":[{"width":480,"height":480,"url":"https:\/\/morphdesign.dk\/wp-content\/uploads\/2024\/12\/3-NEW.jpg","type":"image\/jpeg"}],"twitter_card":"summary_large_image","twitter_misc":{"Estimated reading time":"2 minutes"},"schema":{"@context":"https:\/\/schema.org","@graph":[{"@type":"WebPage","@id":"https:\/\/morphdesign.dk\/om-morph-design\/","url":"https:\/\/morphdesign.dk\/om-morph-design\/","name":"Om MORPH design |","isPartOf":{"@id":"https:\/\/morphdesign.dk\/#website"},"primaryImageOfPage":{"@id":"https:\/\/morphdesign.dk\/om-morph-design\/#primaryimage"},"image":{"@id":"https:\/\/morphdesign.dk\/om-morph-design\/#primaryimage"},"thumbnailUrl":"https:\/\/morphdesign.dk\/wp-content\/uploads\/2024\/12\/3-NEW.jpg","datePublished":"2024-03-07T16:11:45+00:00","dateModified":"2024-12-28T22:35:09+00:00","breadcrumb":{"@id":"https:\/\/morphdesign.dk\/om-morph-design\/#breadcrumb"},"inLanguage":"en-GB","potentialAction":[{"@type":"ReadAction","target":["https:\/\/morphdesign.dk\/om-morph-design\/"]}]},{"@type":"ImageObject","inLanguage":"en-GB","@id":"https:\/\/morphdesign.dk\/om-morph-design\/#primaryimage","url":"https:\/\/morphdesign.dk\/wp-content\/uploads\/2024\/12\/3-NEW.jpg","contentUrl":"https:\/\/morphdesign.dk\/wp-content\/uploads\/2024\/12\/3-NEW.jpg"},{"@type":"BreadcrumbList","@id":"https:\/\/morphdesign.dk\/om-morph-design\/#breadcrumb","itemListElement":[{"@type":"ListItem","position":1,"name":"Hjem","item":"https:\/\/morphdesign.dk\/"},{"@type":"ListItem","position":2,"name":"Om MORPH design"}]},{"@type":"WebSite","@id":"https:\/\/morphdesign.dk\/#website","url":"https:\/\/morphdesign.dk\/","name":"MORPHdesign.dk","description":"SHOP, GALLERI, V&AElig;RKSTED","publisher":{"@id":"https:\/\/morphdesign.dk\/#organization"},"potentialAction":[{"@type":"SearchAction","target":{"@type":"EntryPoint","urlTemplate":"https:\/\/morphdesign.dk\/?s={search_term_string}"},"query-input":{"@type":"PropertyValueSpecification","valueRequired":true,"valueName":"search_term_string"}}],"inLanguage":"en-GB"},{"@type":"Organization","@id":"https:\/\/morphdesign.dk\/#organization","name":"MORPH design","url":"https:\/\/morphdesign.dk\/","logo":{"@type":"ImageObject","inLanguage":"en-GB","@id":"https:\/\/morphdesign.dk\/#\/schema\/logo\/image\/","url":"https:\/\/morphdesign.dk\/wp-content\/uploads\/2022\/04\/cropped-MORPH_tekst_logo-1.png","contentUrl":"https:\/\/morphdesign.dk\/wp-content\/uploads\/2022\/04\/cropped-MORPH_tekst_logo-1.png","width":573,"height":529,"caption":"MORPH design"},"image":{"@id":"https:\/\/morphdesign.dk\/#\/schema\/logo\/image\/"},"sameAs":["https:\/\/instagram.com\/morph_design_dk"]}]}},"_links":{"self":[{"href":"https:\/\/morphdesign.dk\/en\/wp-json\/wp\/v2\/pages\/11673","targetHints":{"allow":["GET"]}}],"collection":[{"href":"https:\/\/morphdesign.dk\/en\/wp-json\/wp\/v2\/pages"}],"about":[{"href":"https:\/\/morphdesign.dk\/en\/wp-json\/wp\/v2\/types\/page"}],"author":[{"embeddable":true,"href":"https:\/\/morphdesign.dk\/en\/wp-json\/wp\/v2\/users\/1"}],"replies":[{"embeddable":true,"href":"https:\/\/morphdesign.dk\/en\/wp-json\/wp\/v2\/comments?post=11673"}],"version-history":[{"count":356,"href":"https:\/\/morphdesign.dk\/en\/wp-json\/wp\/v2\/pages\/11673\/revisions"}],"predecessor-version":[{"id":15983,"href":"https:\/\/morphdesign.dk\/en\/wp-json\/wp\/v2\/pages\/11673\/revisions\/15983"}],"wp:attachment":[{"href":"https:\/\/morphdesign.dk\/en\/wp-json\/wp\/v2\/media?parent=11673"}],"curies":[{"name":"wp","href":"https:\/\/api.w.org\/{rel}","templated":true}]}}