{"id":15935,"date":"2024-12-28T23:27:38","date_gmt":"2024-12-28T21:27:38","guid":{"rendered":"https:\/\/morphdesign.dk\/?page_id=15935"},"modified":"2025-11-09T16:15:27","modified_gmt":"2025-11-09T14:15:27","slug":"morph-design-fyrfad","status":"publish","type":"page","link":"https:\/\/morphdesign.dk\/en\/morph-design-fyrfad\/","title":{"rendered":"MORPH design \u2013 Candle Holder"},"content":{"rendered":"<div data-elementor-type=\"wp-page\" data-elementor-id=\"15935\" class=\"elementor elementor-15935\">\n\t\t\t\t\t\t<section class=\"elementor-section elementor-top-section elementor-element elementor-element-53227e7 elementor-section-boxed elementor-section-height-default elementor-section-height-default\" data-id=\"53227e7\" data-element_type=\"section\" data-e-type=\"section\">\n\t\t\t\t\t\t<div class=\"elementor-container elementor-column-gap-default\">\n\t\t\t\t\t<div class=\"elementor-column elementor-col-100 elementor-top-column elementor-element elementor-element-33afea7\" data-id=\"33afea7\" data-element_type=\"column\" data-e-type=\"column\">\n\t\t\t<div class=\"elementor-widget-wrap elementor-element-populated\">\n\t\t\t\t\t\t<div class=\"elementor-element elementor-element-de06a37 elementor-widget elementor-widget-image\" data-id=\"de06a37\" data-element_type=\"widget\" data-e-type=\"widget\" data-widget_type=\"image.default\">\n\t\t\t\t<div class=\"elementor-widget-container\">\n\t\t\t\t\t\t\t\t\t\t\t\t\t\t\t\t<a href=\"\/en\/fotokunst\/\">\n\t\t\t\t\t\t\t<img fetchpriority=\"high\" decoding=\"async\" width=\"1024\" height=\"318\" src=\"https:\/\/morphdesign.dk\/wp-content\/uploads\/2024\/12\/Fyrfad-1024x318.jpg\" class=\"attachment-large size-large wp-image-15941\" alt=\"\" srcset=\"https:\/\/morphdesign.dk\/wp-content\/uploads\/2024\/12\/Fyrfad-1024x318.jpg 1024w, https:\/\/morphdesign.dk\/wp-content\/uploads\/2024\/12\/Fyrfad-300x93.jpg 300w, https:\/\/morphdesign.dk\/wp-content\/uploads\/2024\/12\/Fyrfad-768x238.jpg 768w, https:\/\/morphdesign.dk\/wp-content\/uploads\/2024\/12\/Fyrfad-1536x477.jpg 1536w, https:\/\/morphdesign.dk\/wp-content\/uploads\/2024\/12\/Fyrfad-2048x636.jpg 2048w, https:\/\/morphdesign.dk\/wp-content\/uploads\/2024\/12\/Fyrfad-18x6.jpg 18w, https:\/\/morphdesign.dk\/wp-content\/uploads\/2024\/12\/Fyrfad-1000x310.jpg 1000w\" sizes=\"(max-width: 1024px) 100vw, 1024px\" \/>\t\t\t\t\t\t\t\t<\/a>\n\t\t\t\t\t\t\t\t\t\t\t\t\t\t\t<\/div>\n\t\t\t\t<\/div>\n\t\t\t\t\t<\/div>\n\t\t<\/div>\n\t\t\t\t\t<\/div>\n\t\t<\/section>\n\t\t\t\t<section class=\"elementor-section elementor-top-section elementor-element elementor-element-2a3dfeb elementor-section-boxed elementor-section-height-default elementor-section-height-default\" data-id=\"2a3dfeb\" data-element_type=\"section\" data-e-type=\"section\">\n\t\t\t\t\t\t<div class=\"elementor-container elementor-column-gap-default\">\n\t\t\t\t\t<div class=\"elementor-column elementor-col-100 elementor-top-column elementor-element elementor-element-91b2e30\" data-id=\"91b2e30\" data-element_type=\"column\" data-e-type=\"column\">\n\t\t\t<div class=\"elementor-widget-wrap elementor-element-populated\">\n\t\t\t\t\t\t<div class=\"elementor-element elementor-element-fcb9100 elementor-widget elementor-widget-heading\" data-id=\"fcb9100\" data-element_type=\"widget\" data-e-type=\"widget\" data-widget_type=\"heading.default\">\n\t\t\t\t<div class=\"elementor-widget-container\">\n\t\t\t\t\t<h1 class=\"elementor-heading-title elementor-size-default\"><a href=\"\/en\/fotokunst\/\">MORPH design \u2013 Candle Holder<\/a><\/h1>\t\t\t\t<\/div>\n\t\t\t\t<\/div>\n\t\t\t\t\t<\/div>\n\t\t<\/div>\n\t\t\t\t\t<\/div>\n\t\t<\/section>\n\t\t\t\t<section class=\"elementor-section elementor-top-section elementor-element elementor-element-618f8b5 elementor-section-boxed elementor-section-height-default elementor-section-height-default\" data-id=\"618f8b5\" data-element_type=\"section\" data-e-type=\"section\">\n\t\t\t\t\t\t<div class=\"elementor-container elementor-column-gap-default\">\n\t\t\t\t\t<div class=\"elementor-column elementor-col-100 elementor-top-column elementor-element elementor-element-19ea414\" data-id=\"19ea414\" data-element_type=\"column\" data-e-type=\"column\">\n\t\t\t<div class=\"elementor-widget-wrap elementor-element-populated\">\n\t\t\t\t\t\t<section class=\"elementor-section elementor-inner-section elementor-element elementor-element-6a27f85 elementor-section-boxed elementor-section-height-default elementor-section-height-default\" data-id=\"6a27f85\" data-element_type=\"section\" data-e-type=\"section\">\n\t\t\t\t\t\t<div class=\"elementor-container elementor-column-gap-default\">\n\t\t\t\t\t<div class=\"elementor-column elementor-col-50 elementor-inner-column elementor-element elementor-element-040c297\" data-id=\"040c297\" data-element_type=\"column\" data-e-type=\"column\">\n\t\t\t<div class=\"elementor-widget-wrap elementor-element-populated\">\n\t\t\t\t\t\t<div class=\"elementor-element elementor-element-e24c1f2 elementor-widget elementor-widget-text-editor\" data-id=\"e24c1f2\" data-element_type=\"widget\" data-e-type=\"widget\" data-widget_type=\"text-editor.default\">\n\t\t\t\t<div class=\"elementor-widget-container\">\n\t\t\t\t\t\t\t\t\t<p class=\"p1\">MORPH design stands for the design and production of the MORPH Candle Holder.<\/p><p class=\"p1 translation-block\"><span class=\"s1\">The candle holders are made of <strong>PLA<\/strong>, which consists of natural resources, such as<strong> cornstarch <\/strong>, sugar cane or other <strong>plant-based materials.<\/strong><\/span><\/p><p class=\"translation-block\">The candle holders are <strong>62 mm high<\/strong>.<\/p><p><strong>* ATT: Only LED lights may be used for the MORPH Candle Holders *<\/strong><\/p>\t\t\t\t\t\t\t\t<\/div>\n\t\t\t\t<\/div>\n\t\t\t\t\t<\/div>\n\t\t<\/div>\n\t\t\t\t<div class=\"elementor-column elementor-col-50 elementor-inner-column elementor-element elementor-element-b3068cd\" data-id=\"b3068cd\" data-element_type=\"column\" data-e-type=\"column\">\n\t\t\t<div class=\"elementor-widget-wrap elementor-element-populated\">\n\t\t\t\t\t\t<div class=\"elementor-element elementor-element-6c4f9b4 elementor-widget elementor-widget-text-editor\" data-id=\"6c4f9b4\" data-element_type=\"widget\" data-e-type=\"widget\" data-widget_type=\"text-editor.default\">\n\t\t\t\t<div class=\"elementor-widget-container\">\n\t\t\t\t\t\t\t\t\t<p>Her i webshoppen er der mulighed for at v\u00e6lge mellem <strong>6 forskellige<\/strong> fyrfadsstage-farver:<br \/><strong>St\u00e5l, sort, sand, guld, mocca og kobber.<\/strong><\/p><p class=\"translation-block\"><strong>PLA Silk<\/strong> is used, which gives the poles a nice silky shine. However, a matte PLA is used for the black stays, which gives extra depth to the black colour.<\/p><p>Design: Ole Arnt Thomsen for MORPH design.<\/p>\t\t\t\t\t\t\t\t<\/div>\n\t\t\t\t<\/div>\n\t\t\t\t\t<\/div>\n\t\t<\/div>\n\t\t\t\t\t<\/div>\n\t\t<\/section>\n\t\t\t\t\t<\/div>\n\t\t<\/div>\n\t\t\t\t\t<\/div>\n\t\t<\/section>\n\t\t\t\t<section class=\"elementor-section elementor-top-section elementor-element elementor-element-e805edc elementor-section-boxed elementor-section-height-default elementor-section-height-default\" data-id=\"e805edc\" data-element_type=\"section\" data-e-type=\"section\">\n\t\t\t\t\t\t<div class=\"elementor-container elementor-column-gap-default\">\n\t\t\t\t\t<div class=\"elementor-column elementor-col-100 elementor-top-column elementor-element elementor-element-b417bbf\" data-id=\"b417bbf\" data-element_type=\"column\" data-e-type=\"column\">\n\t\t\t<div class=\"elementor-widget-wrap elementor-element-populated\">\n\t\t\t\t\t\t<div class=\"elementor-element elementor-element-9f0e258 elementor-widget elementor-widget-text-editor\" data-id=\"9f0e258\" data-element_type=\"widget\" data-e-type=\"widget\" data-widget_type=\"text-editor.default\">\n\t\t\t\t<div class=\"elementor-widget-container\">\n\t\t\t\t\t\t\t\t\t<p><a href=\"\/en\/morph-fyrfad\/\">G\u00e5 til MORPH Fyrfad i webshoppen &#8230;<\/a><\/p>\t\t\t\t\t\t\t\t<\/div>\n\t\t\t\t<\/div>\n\t\t\t\t\t<\/div>\n\t\t<\/div>\n\t\t\t\t\t<\/div>\n\t\t<\/section>\n\t\t\t\t<section class=\"elementor-section elementor-top-section elementor-element elementor-element-768dc67 elementor-section-boxed elementor-section-height-default elementor-section-height-default\" data-id=\"768dc67\" data-element_type=\"section\" data-e-type=\"section\" data-settings=\"{&quot;background_background&quot;:&quot;classic&quot;}\">\n\t\t\t\t\t\t<div class=\"elementor-container elementor-column-gap-default\">\n\t\t\t\t\t<div class=\"elementor-column elementor-col-33 elementor-top-column elementor-element elementor-element-d94494b\" data-id=\"d94494b\" data-element_type=\"column\" data-e-type=\"column\">\n\t\t\t<div class=\"elementor-widget-wrap elementor-element-populated\">\n\t\t\t\t\t\t<div class=\"elementor-element elementor-element-84ee1e5 elementor-align-center elementor-widget elementor-widget-button\" data-id=\"84ee1e5\" data-element_type=\"widget\" data-e-type=\"widget\" data-widget_type=\"button.default\">\n\t\t\t\t<div class=\"elementor-widget-container\">\n\t\t\t\t\t\t\t\t\t<div class=\"elementor-button-wrapper\">\n\t\t\t\t\t<a class=\"elementor-button elementor-button-link elementor-size-sm\" href=\"https:\/\/morphdesign.dk\/en\/handelsbetingelser\/\">\n\t\t\t\t\t\t<span class=\"elementor-button-content-wrapper\">\n\t\t\t\t\t\t\t\t\t<span class=\"elementor-button-text\">Terms and Conditions<\/span>\n\t\t\t\t\t<\/span>\n\t\t\t\t\t<\/a>\n\t\t\t\t<\/div>\n\t\t\t\t\t\t\t\t<\/div>\n\t\t\t\t<\/div>\n\t\t\t\t\t<\/div>\n\t\t<\/div>\n\t\t\t\t<div class=\"elementor-column elementor-col-33 elementor-top-column elementor-element elementor-element-9ba82d8\" data-id=\"9ba82d8\" data-element_type=\"column\" data-e-type=\"column\">\n\t\t\t<div class=\"elementor-widget-wrap elementor-element-populated\">\n\t\t\t\t\t\t<div class=\"elementor-element elementor-element-8f90e59 elementor-widget elementor-widget-text-editor\" data-id=\"8f90e59\" data-element_type=\"widget\" data-e-type=\"widget\" data-widget_type=\"text-editor.default\">\n\t\t\t\t<div class=\"elementor-widget-container\">\n\t\t\t\t\t\t\t\t\t<p>MORPH design<br \/>Marianne Lehmann<br \/>Nordre Beddingsvej 39 K<br \/>3390 Hundested<\/p><p>Mobile: +45 22 79 34 88<br \/><a href=\"mailto:ml@morphdesign.dk\">ml@morphdesign.dk<\/a><br \/>www.morphdesign.dk<\/p>\t\t\t\t\t\t\t\t<\/div>\n\t\t\t\t<\/div>\n\t\t\t\t<div class=\"elementor-element elementor-element-c12075f elementor-shape-rounded elementor-grid-0 e-grid-align-center elementor-widget elementor-widget-social-icons\" data-id=\"c12075f\" data-element_type=\"widget\" data-e-type=\"widget\" data-widget_type=\"social-icons.default\">\n\t\t\t\t<div class=\"elementor-widget-container\">\n\t\t\t\t\t\t\t<div class=\"elementor-social-icons-wrapper elementor-grid\">\n\t\t\t\t\t\t\t<span class=\"elementor-grid-item\">\n\t\t\t\t\t<a class=\"elementor-icon elementor-social-icon elementor-social-icon-instagram elementor-repeater-item-323452e\" href=\"https:\/\/instagram.com\/morph_design_dk\" target=\"_blank\">\n\t\t\t\t\t\t<span class=\"elementor-screen-only\">Instagram<\/span>\n\t\t\t\t\t\t<i aria-hidden=\"true\" class=\"fab fa-instagram\"><\/i>\t\t\t\t\t<\/a>\n\t\t\t\t<\/span>\n\t\t\t\t\t<\/div>\n\t\t\t\t\t\t<\/div>\n\t\t\t\t<\/div>\n\t\t\t\t\t<\/div>\n\t\t<\/div>\n\t\t\t\t<div class=\"elementor-column elementor-col-33 elementor-top-column elementor-element elementor-element-6bd4ca4\" data-id=\"6bd4ca4\" data-element_type=\"column\" data-e-type=\"column\">\n\t\t\t<div class=\"elementor-widget-wrap elementor-element-populated\">\n\t\t\t\t\t\t<div class=\"elementor-element elementor-element-a4cec81 elementor-align-center elementor-widget elementor-widget-button\" data-id=\"a4cec81\" data-element_type=\"widget\" data-e-type=\"widget\" data-widget_type=\"button.default\">\n\t\t\t\t<div class=\"elementor-widget-container\">\n\t\t\t\t\t\t\t\t\t<div class=\"elementor-button-wrapper\">\n\t\t\t\t\t<a class=\"elementor-button elementor-button-link elementor-size-sm\" href=\"https:\/\/morphdesign.dk\/en\/cookie-og-personoplysninger\/\">\n\t\t\t\t\t\t<span class=\"elementor-button-content-wrapper\">\n\t\t\t\t\t\t\t\t\t<span class=\"elementor-button-text\">Cookie- and Privacy Policy<\/span>\n\t\t\t\t\t<\/span>\n\t\t\t\t\t<\/a>\n\t\t\t\t<\/div>\n\t\t\t\t\t\t\t\t<\/div>\n\t\t\t\t<\/div>\n\t\t\t\t\t<\/div>\n\t\t<\/div>\n\t\t\t\t\t<\/div>\n\t\t<\/section>\n\t\t\t\t<\/div>","protected":false},"excerpt":{"rendered":"<p>MORPH design \u2013 Fyrfad MORPH design st\u00e5r for formgivning og produktion af MORPH Fyrfad. Stagerne er lavet af PLA, som best\u00e5r af naturlige ressourcer, som f.eks majsstivelse, sukkerr\u00f8r eller andre plantebaserede materialer. Fyrfadsstagerne er 62 mm h\u00f8je. * OBS: Der m\u00e5 kun benyttes LED lys til MORPH Fyrfad * Her i webshoppen er der mulighed [&hellip;]<\/p>\n","protected":false},"author":1,"featured_media":0,"parent":0,"menu_order":0,"comment_status":"closed","ping_status":"closed","template":"","meta":{"site-sidebar-layout":"no-sidebar","site-content-layout":"","ast-site-content-layout":"full-width-container","site-content-style":"default","site-sidebar-style":"default","ast-global-header-display":"","ast-banner-title-visibility":"","ast-main-header-display":"","ast-hfb-above-header-display":"","ast-hfb-below-header-display":"","ast-hfb-mobile-header-display":"","site-post-title":"disabled","ast-breadcrumbs-content":"","ast-featured-img":"disabled","footer-sml-layout":"","ast-disable-related-posts":"","theme-transparent-header-meta":"","adv-header-id-meta":"","stick-header-meta":"","header-above-stick-meta":"","header-main-stick-meta":"","header-below-stick-meta":"","astra-migrate-meta-layouts":"default","ast-page-background-enabled":"default","ast-page-background-meta":{"desktop":{"background-color":"var(--ast-global-color-4)","background-image":"","background-repeat":"repeat","background-position":"center center","background-size":"auto","background-attachment":"scroll","background-type":"","background-media":"","overlay-type":"","overlay-color":"","overlay-opacity":"","overlay-gradient":""},"tablet":{"background-color":"","background-image":"","background-repeat":"repeat","background-position":"center center","background-size":"auto","background-attachment":"scroll","background-type":"","background-media":"","overlay-type":"","overlay-color":"","overlay-opacity":"","overlay-gradient":""},"mobile":{"background-color":"","background-image":"","background-repeat":"repeat","background-position":"center center","background-size":"auto","background-attachment":"scroll","background-type":"","background-media":"","overlay-type":"","overlay-color":"","overlay-opacity":"","overlay-gradient":""}},"ast-content-background-meta":{"desktop":{"background-color":"var(--ast-global-color-5)","background-image":"","background-repeat":"repeat","background-position":"center center","background-size":"auto","background-attachment":"scroll","background-type":"","background-media":"","overlay-type":"","overlay-color":"","overlay-opacity":"","overlay-gradient":""},"tablet":{"background-color":"var(--ast-global-color-5)","background-image":"","background-repeat":"repeat","background-position":"center center","background-size":"auto","background-attachment":"scroll","background-type":"","background-media":"","overlay-type":"","overlay-color":"","overlay-opacity":"","overlay-gradient":""},"mobile":{"background-color":"var(--ast-global-color-5)","background-image":"","background-repeat":"repeat","background-position":"center center","background-size":"auto","background-attachment":"scroll","background-type":"","background-media":"","overlay-type":"","overlay-color":"","overlay-opacity":"","overlay-gradient":""}},"footnotes":""},"class_list":["post-15935","page","type-page","status-publish","hentry"],"yoast_head":"<!-- This site is optimized with the Yoast SEO plugin v27.5 - https:\/\/yoast.com\/product\/yoast-seo-wordpress\/ -->\n<title>MORPH design \u2013 Fyrfad |<\/title>\n<meta name=\"description\" content=\"MORPH design pr\u00e6senterer et udvalg af fotograf Ole Arnt Thomsen\u2019s kollektion af billeder, lige fra urban foto til naturscenarier. Grafisk og stemningsfuld fotokunst.\" \/>\n<meta name=\"robots\" content=\"index, follow, max-snippet:-1, max-image-preview:large, max-video-preview:-1\" \/>\n<link rel=\"canonical\" href=\"https:\/\/morphdesign.dk\/en\/morph-design-fyrfad\/\" \/>\n<meta property=\"og:locale\" content=\"en_GB\" \/>\n<meta property=\"og:type\" content=\"article\" \/>\n<meta property=\"og:title\" content=\"MORPH design \u2013 Fyrfad |\" \/>\n<meta property=\"og:description\" content=\"MORPH design pr\u00e6senterer et udvalg af fotograf Ole Arnt Thomsen\u2019s kollektion af billeder, lige fra urban foto til naturscenarier. Grafisk og stemningsfuld fotokunst.\" \/>\n<meta property=\"og:url\" content=\"https:\/\/morphdesign.dk\/en\/morph-design-fyrfad\/\" \/>\n<meta property=\"article:modified_time\" content=\"2025-11-09T14:15:27+00:00\" \/>\n<meta property=\"og:image\" content=\"https:\/\/morphdesign.dk\/wp-content\/uploads\/2024\/12\/Fyrfad-scaled.jpg\" \/>\n\t<meta property=\"og:image:width\" content=\"2560\" \/>\n\t<meta property=\"og:image:height\" content=\"795\" \/>\n\t<meta property=\"og:image:type\" content=\"image\/jpeg\" \/>\n<meta name=\"twitter:card\" content=\"summary_large_image\" \/>\n<meta name=\"twitter:label1\" content=\"Estimated reading time\" \/>\n\t<meta name=\"twitter:data1\" content=\"1 minute\" \/>\n<script type=\"application\/ld+json\" class=\"yoast-schema-graph\">{\"@context\":\"https:\\\/\\\/schema.org\",\"@graph\":[{\"@type\":\"WebPage\",\"@id\":\"https:\\\/\\\/morphdesign.dk\\\/morph-design-fyrfad\\\/\",\"url\":\"https:\\\/\\\/morphdesign.dk\\\/morph-design-fyrfad\\\/\",\"name\":\"MORPH design \u2013 Fyrfad |\",\"isPartOf\":{\"@id\":\"https:\\\/\\\/morphdesign.dk\\\/#website\"},\"primaryImageOfPage\":{\"@id\":\"https:\\\/\\\/morphdesign.dk\\\/morph-design-fyrfad\\\/#primaryimage\"},\"image\":{\"@id\":\"https:\\\/\\\/morphdesign.dk\\\/morph-design-fyrfad\\\/#primaryimage\"},\"thumbnailUrl\":\"https:\\\/\\\/morphdesign.dk\\\/wp-content\\\/uploads\\\/2024\\\/12\\\/Fyrfad-1024x318.jpg\",\"datePublished\":\"2024-12-28T21:27:38+00:00\",\"dateModified\":\"2025-11-09T14:15:27+00:00\",\"description\":\"MORPH design pr\u00e6senterer et udvalg af fotograf Ole Arnt Thomsen\u2019s kollektion af billeder, lige fra urban foto til naturscenarier. Grafisk og stemningsfuld fotokunst.\",\"breadcrumb\":{\"@id\":\"https:\\\/\\\/morphdesign.dk\\\/morph-design-fyrfad\\\/#breadcrumb\"},\"inLanguage\":\"en-GB\",\"potentialAction\":[{\"@type\":\"ReadAction\",\"target\":[\"https:\\\/\\\/morphdesign.dk\\\/morph-design-fyrfad\\\/\"]}]},{\"@type\":\"ImageObject\",\"inLanguage\":\"en-GB\",\"@id\":\"https:\\\/\\\/morphdesign.dk\\\/morph-design-fyrfad\\\/#primaryimage\",\"url\":\"https:\\\/\\\/morphdesign.dk\\\/wp-content\\\/uploads\\\/2024\\\/12\\\/Fyrfad-1024x318.jpg\",\"contentUrl\":\"https:\\\/\\\/morphdesign.dk\\\/wp-content\\\/uploads\\\/2024\\\/12\\\/Fyrfad-1024x318.jpg\"},{\"@type\":\"BreadcrumbList\",\"@id\":\"https:\\\/\\\/morphdesign.dk\\\/morph-design-fyrfad\\\/#breadcrumb\",\"itemListElement\":[{\"@type\":\"ListItem\",\"position\":1,\"name\":\"Hjem\",\"item\":\"https:\\\/\\\/morphdesign.dk\\\/\"},{\"@type\":\"ListItem\",\"position\":2,\"name\":\"MORPH design \u2013 Fyrfad\"}]},{\"@type\":\"WebSite\",\"@id\":\"https:\\\/\\\/morphdesign.dk\\\/#website\",\"url\":\"https:\\\/\\\/morphdesign.dk\\\/\",\"name\":\"MORPHdesign.dk\",\"description\":\"SHOP, GALLERI, V&AElig;RKSTED\",\"publisher\":{\"@id\":\"https:\\\/\\\/morphdesign.dk\\\/#organization\"},\"potentialAction\":[{\"@type\":\"SearchAction\",\"target\":{\"@type\":\"EntryPoint\",\"urlTemplate\":\"https:\\\/\\\/morphdesign.dk\\\/?s={search_term_string}\"},\"query-input\":{\"@type\":\"PropertyValueSpecification\",\"valueRequired\":true,\"valueName\":\"search_term_string\"}}],\"inLanguage\":\"en-GB\"},{\"@type\":\"Organization\",\"@id\":\"https:\\\/\\\/morphdesign.dk\\\/#organization\",\"name\":\"MORPH design\",\"url\":\"https:\\\/\\\/morphdesign.dk\\\/\",\"logo\":{\"@type\":\"ImageObject\",\"inLanguage\":\"en-GB\",\"@id\":\"https:\\\/\\\/morphdesign.dk\\\/#\\\/schema\\\/logo\\\/image\\\/\",\"url\":\"https:\\\/\\\/morphdesign.dk\\\/wp-content\\\/uploads\\\/2022\\\/04\\\/cropped-MORPH_tekst_logo-1.png\",\"contentUrl\":\"https:\\\/\\\/morphdesign.dk\\\/wp-content\\\/uploads\\\/2022\\\/04\\\/cropped-MORPH_tekst_logo-1.png\",\"width\":573,\"height\":529,\"caption\":\"MORPH design\"},\"image\":{\"@id\":\"https:\\\/\\\/morphdesign.dk\\\/#\\\/schema\\\/logo\\\/image\\\/\"},\"sameAs\":[\"https:\\\/\\\/instagram.com\\\/morph_design_dk\"]}]}<\/script>\n<!-- \/ Yoast SEO plugin. -->","yoast_head_json":{"title":"MORPH design \u2013 Fyrfad |","description":"MORPH design pr\u00e6senterer et udvalg af fotograf Ole Arnt Thomsen\u2019s kollektion af billeder, lige fra urban foto til naturscenarier. Grafisk og stemningsfuld fotokunst.","robots":{"index":"index","follow":"follow","max-snippet":"max-snippet:-1","max-image-preview":"max-image-preview:large","max-video-preview":"max-video-preview:-1"},"canonical":"https:\/\/morphdesign.dk\/en\/morph-design-fyrfad\/","og_locale":"en_GB","og_type":"article","og_title":"MORPH design \u2013 Fyrfad |","og_description":"MORPH design pr\u00e6senterer et udvalg af fotograf Ole Arnt Thomsen\u2019s kollektion af billeder, lige fra urban foto til naturscenarier. Grafisk og stemningsfuld fotokunst.","og_url":"https:\/\/morphdesign.dk\/en\/morph-design-fyrfad\/","article_modified_time":"2025-11-09T14:15:27+00:00","og_image":[{"width":2560,"height":795,"url":"https:\/\/morphdesign.dk\/wp-content\/uploads\/2024\/12\/Fyrfad-scaled.jpg","type":"image\/jpeg"}],"twitter_card":"summary_large_image","twitter_misc":{"Estimated reading time":"1 minute"},"schema":{"@context":"https:\/\/schema.org","@graph":[{"@type":"WebPage","@id":"https:\/\/morphdesign.dk\/morph-design-fyrfad\/","url":"https:\/\/morphdesign.dk\/morph-design-fyrfad\/","name":"MORPH design \u2013 Fyrfad |","isPartOf":{"@id":"https:\/\/morphdesign.dk\/#website"},"primaryImageOfPage":{"@id":"https:\/\/morphdesign.dk\/morph-design-fyrfad\/#primaryimage"},"image":{"@id":"https:\/\/morphdesign.dk\/morph-design-fyrfad\/#primaryimage"},"thumbnailUrl":"https:\/\/morphdesign.dk\/wp-content\/uploads\/2024\/12\/Fyrfad-1024x318.jpg","datePublished":"2024-12-28T21:27:38+00:00","dateModified":"2025-11-09T14:15:27+00:00","description":"MORPH design pr\u00e6senterer et udvalg af fotograf Ole Arnt Thomsen\u2019s kollektion af billeder, lige fra urban foto til naturscenarier. Grafisk og stemningsfuld fotokunst.","breadcrumb":{"@id":"https:\/\/morphdesign.dk\/morph-design-fyrfad\/#breadcrumb"},"inLanguage":"en-GB","potentialAction":[{"@type":"ReadAction","target":["https:\/\/morphdesign.dk\/morph-design-fyrfad\/"]}]},{"@type":"ImageObject","inLanguage":"en-GB","@id":"https:\/\/morphdesign.dk\/morph-design-fyrfad\/#primaryimage","url":"https:\/\/morphdesign.dk\/wp-content\/uploads\/2024\/12\/Fyrfad-1024x318.jpg","contentUrl":"https:\/\/morphdesign.dk\/wp-content\/uploads\/2024\/12\/Fyrfad-1024x318.jpg"},{"@type":"BreadcrumbList","@id":"https:\/\/morphdesign.dk\/morph-design-fyrfad\/#breadcrumb","itemListElement":[{"@type":"ListItem","position":1,"name":"Hjem","item":"https:\/\/morphdesign.dk\/"},{"@type":"ListItem","position":2,"name":"MORPH design \u2013 Fyrfad"}]},{"@type":"WebSite","@id":"https:\/\/morphdesign.dk\/#website","url":"https:\/\/morphdesign.dk\/","name":"MORPHdesign.dk","description":"SHOP, GALLERI, V&AElig;RKSTED","publisher":{"@id":"https:\/\/morphdesign.dk\/#organization"},"potentialAction":[{"@type":"SearchAction","target":{"@type":"EntryPoint","urlTemplate":"https:\/\/morphdesign.dk\/?s={search_term_string}"},"query-input":{"@type":"PropertyValueSpecification","valueRequired":true,"valueName":"search_term_string"}}],"inLanguage":"en-GB"},{"@type":"Organization","@id":"https:\/\/morphdesign.dk\/#organization","name":"MORPH design","url":"https:\/\/morphdesign.dk\/","logo":{"@type":"ImageObject","inLanguage":"en-GB","@id":"https:\/\/morphdesign.dk\/#\/schema\/logo\/image\/","url":"https:\/\/morphdesign.dk\/wp-content\/uploads\/2022\/04\/cropped-MORPH_tekst_logo-1.png","contentUrl":"https:\/\/morphdesign.dk\/wp-content\/uploads\/2022\/04\/cropped-MORPH_tekst_logo-1.png","width":573,"height":529,"caption":"MORPH design"},"image":{"@id":"https:\/\/morphdesign.dk\/#\/schema\/logo\/image\/"},"sameAs":["https:\/\/instagram.com\/morph_design_dk"]}]}},"_links":{"self":[{"href":"https:\/\/morphdesign.dk\/en\/wp-json\/wp\/v2\/pages\/15935","targetHints":{"allow":["GET"]}}],"collection":[{"href":"https:\/\/morphdesign.dk\/en\/wp-json\/wp\/v2\/pages"}],"about":[{"href":"https:\/\/morphdesign.dk\/en\/wp-json\/wp\/v2\/types\/page"}],"author":[{"embeddable":true,"href":"https:\/\/morphdesign.dk\/en\/wp-json\/wp\/v2\/users\/1"}],"replies":[{"embeddable":true,"href":"https:\/\/morphdesign.dk\/en\/wp-json\/wp\/v2\/comments?post=15935"}],"version-history":[{"count":17,"href":"https:\/\/morphdesign.dk\/en\/wp-json\/wp\/v2\/pages\/15935\/revisions"}],"predecessor-version":[{"id":16396,"href":"https:\/\/morphdesign.dk\/en\/wp-json\/wp\/v2\/pages\/15935\/revisions\/16396"}],"wp:attachment":[{"href":"https:\/\/morphdesign.dk\/en\/wp-json\/wp\/v2\/media?parent=15935"}],"curies":[{"name":"wp","href":"https:\/\/api.w.org\/{rel}","templated":true}]}}