{"id":16144,"date":"2025-10-31T16:23:56","date_gmt":"2025-10-31T14:23:56","guid":{"rendered":"https:\/\/morphdesign.dk\/?post_type=product&#038;p=16144"},"modified":"2026-03-28T14:54:30","modified_gmt":"2026-03-28T12:54:30","slug":"morphies-baelg-90mm-kobber","status":"publish","type":"product","link":"https:\/\/morphdesign.dk\/en\/product\/morphies-baelg-90mm-kobber\/","title":{"rendered":"Morphies, Pod (66mm), copper"},"content":{"rendered":"<p class=\"p1 translation-block\"><span class=\"s1\">The mini vases are made of <strong>PLA<\/strong>, which consists of natural resources, such as <strong>corn starch<\/strong>, sugar cane or other <strong>plant-based materials.<\/strong><\/span><\/p>\n<p class=\"translation-block\">The mini vases are <strong> waterproof <\/strong> and <span class=\"s1\">it is recommended that they be hand washed.<span class=\"s1\"><\/p>\n<p class=\"translation-block\">Height: <strong>90 mm<\/strong><\/p>","protected":false},"excerpt":{"rendered":"<p>PLANT-BASED MATERIAL<\/p>\n<p><strong>B\u00e6lg er 90 mm h\u00f8j og f\u00e5s i farverne sand, guld, kobber, bronze, mat gr\u00f8n og mat sort<\/strong><\/p>","protected":false},"featured_media":16099,"template":"","meta":{"site-sidebar-layout":"default","site-content-layout":"","ast-site-content-layout":"default","site-content-style":"default","site-sidebar-style":"default","ast-global-header-display":"","ast-banner-title-visibility":"","ast-main-header-display":"","ast-hfb-above-header-display":"","ast-hfb-below-header-display":"","ast-hfb-mobile-header-display":"","site-post-title":"","ast-breadcrumbs-content":"","ast-featured-img":"","footer-sml-layout":"","ast-disable-related-posts":"","theme-transparent-header-meta":"default","adv-header-id-meta":"","stick-header-meta":"","header-above-stick-meta":"","header-main-stick-meta":"","header-below-stick-meta":"","astra-migrate-meta-layouts":"set","ast-page-background-enabled":"default","ast-page-background-meta":{"desktop":{"background-color":"var(--ast-global-color-4)","background-image":"","background-repeat":"repeat","background-position":"center center","background-size":"auto","background-attachment":"scroll","background-type":"","background-media":"","overlay-type":"","overlay-color":"","overlay-opacity":"","overlay-gradient":""},"tablet":{"background-color":"","background-image":"","background-repeat":"repeat","background-position":"center center","background-size":"auto","background-attachment":"scroll","background-type":"","background-media":"","overlay-type":"","overlay-color":"","overlay-opacity":"","overlay-gradient":""},"mobile":{"background-color":"","background-image":"","background-repeat":"repeat","background-position":"center center","background-size":"auto","background-attachment":"scroll","background-type":"","background-media":"","overlay-type":"","overlay-color":"","overlay-opacity":"","overlay-gradient":""}},"ast-content-background-meta":{"desktop":{"background-color":"var(--ast-global-color-5)","background-image":"","background-repeat":"repeat","background-position":"center center","background-size":"auto","background-attachment":"scroll","background-type":"","background-media":"","overlay-type":"","overlay-color":"","overlay-opacity":"","overlay-gradient":""},"tablet":{"background-color":"var(--ast-global-color-5)","background-image":"","background-repeat":"repeat","background-position":"center center","background-size":"auto","background-attachment":"scroll","background-type":"","background-media":"","overlay-type":"","overlay-color":"","overlay-opacity":"","overlay-gradient":""},"mobile":{"background-color":"var(--ast-global-color-5)","background-image":"","background-repeat":"repeat","background-position":"center center","background-size":"auto","background-attachment":"scroll","background-type":"","background-media":"","overlay-type":"","overlay-color":"","overlay-opacity":"","overlay-gradient":""}}},"pwb-brand":[],"product_brand":[],"product_cat":[384,378],"product_tag":[],"class_list":{"0":"post-16144","1":"product","2":"type-product","3":"status-publish","4":"has-post-thumbnail","6":"product_cat-baelg","7":"product_cat-morphies","8":"product_shipping_class-morphies","9":"desktop-align-center","10":"tablet-align-left","11":"mobile-align-center","13":"first","14":"instock","15":"taxable","16":"shipping-taxable","17":"purchasable","18":"product-type-simple"},"yoast_head":"<!-- This site is optimized with the Yoast SEO plugin v27.4 - https:\/\/yoast.com\/product\/yoast-seo-wordpress\/ -->\n<title>Morphies, B\u00e6lg (90mm), kobber |<\/title>\n<meta name=\"robots\" content=\"index, follow, max-snippet:-1, max-image-preview:large, max-video-preview:-1\" \/>\n<link rel=\"canonical\" href=\"https:\/\/morphdesign.dk\/en\/product\/morphies-baelg-90mm-kobber\/\" \/>\n<meta property=\"og:locale\" content=\"en_GB\" \/>\n<meta property=\"og:type\" content=\"article\" \/>\n<meta property=\"og:title\" content=\"Morphies, B\u00e6lg (90mm), kobber |\" \/>\n<meta property=\"og:description\" content=\"PLANTEBASERET MATERIALE  B\u00e6lg er 90 mm h\u00f8j og f\u00e5s i farverne sand, guld, kobber, bronze, mat gr\u00f8n og mat sort\" \/>\n<meta property=\"og:url\" content=\"https:\/\/morphdesign.dk\/en\/product\/morphies-baelg-90mm-kobber\/\" \/>\n<meta property=\"article:modified_time\" content=\"2026-03-28T12:54:30+00:00\" \/>\n<meta property=\"og:image\" content=\"https:\/\/morphdesign.dk\/wp-content\/uploads\/2025\/10\/Baelg-web-kobber.jpg\" \/>\n\t<meta property=\"og:image:width\" content=\"600\" \/>\n\t<meta property=\"og:image:height\" content=\"1120\" \/>\n\t<meta property=\"og:image:type\" content=\"image\/jpeg\" \/>\n<meta name=\"twitter:card\" content=\"summary_large_image\" \/>\n<meta name=\"twitter:label1\" content=\"Estimated reading time\" \/>\n\t<meta name=\"twitter:data1\" content=\"1 minute\" \/>\n<script type=\"application\/ld+json\" class=\"yoast-schema-graph\">{\"@context\":\"https:\\\/\\\/schema.org\",\"@graph\":[{\"@type\":\"WebPage\",\"@id\":\"https:\\\/\\\/morphdesign.dk\\\/vare\\\/morphies-baelg-90mm-kobber\\\/\",\"url\":\"https:\\\/\\\/morphdesign.dk\\\/vare\\\/morphies-baelg-90mm-kobber\\\/\",\"name\":\"Morphies, B\u00e6lg (90mm), kobber |\",\"isPartOf\":{\"@id\":\"https:\\\/\\\/morphdesign.dk\\\/#website\"},\"primaryImageOfPage\":{\"@id\":\"https:\\\/\\\/morphdesign.dk\\\/vare\\\/morphies-baelg-90mm-kobber\\\/#primaryimage\"},\"image\":{\"@id\":\"https:\\\/\\\/morphdesign.dk\\\/vare\\\/morphies-baelg-90mm-kobber\\\/#primaryimage\"},\"thumbnailUrl\":\"https:\\\/\\\/morphdesign.dk\\\/wp-content\\\/uploads\\\/2025\\\/10\\\/Baelg-web-kobber.jpg\",\"datePublished\":\"2025-10-31T14:23:56+00:00\",\"dateModified\":\"2026-03-28T12:54:30+00:00\",\"breadcrumb\":{\"@id\":\"https:\\\/\\\/morphdesign.dk\\\/vare\\\/morphies-baelg-90mm-kobber\\\/#breadcrumb\"},\"inLanguage\":\"en-GB\",\"potentialAction\":[{\"@type\":\"ReadAction\",\"target\":[\"https:\\\/\\\/morphdesign.dk\\\/vare\\\/morphies-baelg-90mm-kobber\\\/\"]}]},{\"@type\":\"ImageObject\",\"inLanguage\":\"en-GB\",\"@id\":\"https:\\\/\\\/morphdesign.dk\\\/vare\\\/morphies-baelg-90mm-kobber\\\/#primaryimage\",\"url\":\"https:\\\/\\\/morphdesign.dk\\\/wp-content\\\/uploads\\\/2025\\\/10\\\/Baelg-web-kobber.jpg\",\"contentUrl\":\"https:\\\/\\\/morphdesign.dk\\\/wp-content\\\/uploads\\\/2025\\\/10\\\/Baelg-web-kobber.jpg\",\"width\":600,\"height\":1120},{\"@type\":\"BreadcrumbList\",\"@id\":\"https:\\\/\\\/morphdesign.dk\\\/vare\\\/morphies-baelg-90mm-kobber\\\/#breadcrumb\",\"itemListElement\":[{\"@type\":\"ListItem\",\"position\":1,\"name\":\"Hjem\",\"item\":\"https:\\\/\\\/morphdesign.dk\\\/\"},{\"@type\":\"ListItem\",\"position\":2,\"name\":\"Varer\",\"item\":\"https:\\\/\\\/morphdesign.dk\\\/shop_old\\\/\"},{\"@type\":\"ListItem\",\"position\":3,\"name\":\"Morphies, B\u00e6lg (90mm), kobber\"}]},{\"@type\":\"WebSite\",\"@id\":\"https:\\\/\\\/morphdesign.dk\\\/#website\",\"url\":\"https:\\\/\\\/morphdesign.dk\\\/\",\"name\":\"MORPHdesign.dk\",\"description\":\"SHOP, GALLERI, V&AElig;RKSTED\",\"publisher\":{\"@id\":\"https:\\\/\\\/morphdesign.dk\\\/#organization\"},\"potentialAction\":[{\"@type\":\"SearchAction\",\"target\":{\"@type\":\"EntryPoint\",\"urlTemplate\":\"https:\\\/\\\/morphdesign.dk\\\/?s={search_term_string}\"},\"query-input\":{\"@type\":\"PropertyValueSpecification\",\"valueRequired\":true,\"valueName\":\"search_term_string\"}}],\"inLanguage\":\"en-GB\"},{\"@type\":\"Organization\",\"@id\":\"https:\\\/\\\/morphdesign.dk\\\/#organization\",\"name\":\"MORPH design\",\"url\":\"https:\\\/\\\/morphdesign.dk\\\/\",\"logo\":{\"@type\":\"ImageObject\",\"inLanguage\":\"en-GB\",\"@id\":\"https:\\\/\\\/morphdesign.dk\\\/#\\\/schema\\\/logo\\\/image\\\/\",\"url\":\"https:\\\/\\\/morphdesign.dk\\\/wp-content\\\/uploads\\\/2022\\\/04\\\/cropped-MORPH_tekst_logo-1.png\",\"contentUrl\":\"https:\\\/\\\/morphdesign.dk\\\/wp-content\\\/uploads\\\/2022\\\/04\\\/cropped-MORPH_tekst_logo-1.png\",\"width\":573,\"height\":529,\"caption\":\"MORPH design\"},\"image\":{\"@id\":\"https:\\\/\\\/morphdesign.dk\\\/#\\\/schema\\\/logo\\\/image\\\/\"},\"sameAs\":[\"https:\\\/\\\/instagram.com\\\/morph_design_dk\"]}]}<\/script>\n<!-- \/ Yoast SEO plugin. -->","yoast_head_json":{"title":"Morphies, B\u00e6lg (90mm), kobber |","robots":{"index":"index","follow":"follow","max-snippet":"max-snippet:-1","max-image-preview":"max-image-preview:large","max-video-preview":"max-video-preview:-1"},"canonical":"https:\/\/morphdesign.dk\/en\/product\/morphies-baelg-90mm-kobber\/","og_locale":"en_GB","og_type":"article","og_title":"Morphies, B\u00e6lg (90mm), kobber |","og_description":"PLANTEBASERET MATERIALE  B\u00e6lg er 90 mm h\u00f8j og f\u00e5s i farverne sand, guld, kobber, bronze, mat gr\u00f8n og mat sort","og_url":"https:\/\/morphdesign.dk\/en\/product\/morphies-baelg-90mm-kobber\/","article_modified_time":"2026-03-28T12:54:30+00:00","og_image":[{"width":600,"height":1120,"url":"https:\/\/morphdesign.dk\/wp-content\/uploads\/2025\/10\/Baelg-web-kobber.jpg","type":"image\/jpeg"}],"twitter_card":"summary_large_image","twitter_misc":{"Estimated reading time":"1 minute"},"schema":{"@context":"https:\/\/schema.org","@graph":[{"@type":"WebPage","@id":"https:\/\/morphdesign.dk\/vare\/morphies-baelg-90mm-kobber\/","url":"https:\/\/morphdesign.dk\/vare\/morphies-baelg-90mm-kobber\/","name":"Morphies, B\u00e6lg (90mm), kobber |","isPartOf":{"@id":"https:\/\/morphdesign.dk\/#website"},"primaryImageOfPage":{"@id":"https:\/\/morphdesign.dk\/vare\/morphies-baelg-90mm-kobber\/#primaryimage"},"image":{"@id":"https:\/\/morphdesign.dk\/vare\/morphies-baelg-90mm-kobber\/#primaryimage"},"thumbnailUrl":"https:\/\/morphdesign.dk\/wp-content\/uploads\/2025\/10\/Baelg-web-kobber.jpg","datePublished":"2025-10-31T14:23:56+00:00","dateModified":"2026-03-28T12:54:30+00:00","breadcrumb":{"@id":"https:\/\/morphdesign.dk\/vare\/morphies-baelg-90mm-kobber\/#breadcrumb"},"inLanguage":"en-GB","potentialAction":[{"@type":"ReadAction","target":["https:\/\/morphdesign.dk\/vare\/morphies-baelg-90mm-kobber\/"]}]},{"@type":"ImageObject","inLanguage":"en-GB","@id":"https:\/\/morphdesign.dk\/vare\/morphies-baelg-90mm-kobber\/#primaryimage","url":"https:\/\/morphdesign.dk\/wp-content\/uploads\/2025\/10\/Baelg-web-kobber.jpg","contentUrl":"https:\/\/morphdesign.dk\/wp-content\/uploads\/2025\/10\/Baelg-web-kobber.jpg","width":600,"height":1120},{"@type":"BreadcrumbList","@id":"https:\/\/morphdesign.dk\/vare\/morphies-baelg-90mm-kobber\/#breadcrumb","itemListElement":[{"@type":"ListItem","position":1,"name":"Hjem","item":"https:\/\/morphdesign.dk\/"},{"@type":"ListItem","position":2,"name":"Varer","item":"https:\/\/morphdesign.dk\/shop_old\/"},{"@type":"ListItem","position":3,"name":"Morphies, B\u00e6lg (90mm), kobber"}]},{"@type":"WebSite","@id":"https:\/\/morphdesign.dk\/#website","url":"https:\/\/morphdesign.dk\/","name":"MORPHdesign.dk","description":"SHOP, GALLERI, V&AElig;RKSTED","publisher":{"@id":"https:\/\/morphdesign.dk\/#organization"},"potentialAction":[{"@type":"SearchAction","target":{"@type":"EntryPoint","urlTemplate":"https:\/\/morphdesign.dk\/?s={search_term_string}"},"query-input":{"@type":"PropertyValueSpecification","valueRequired":true,"valueName":"search_term_string"}}],"inLanguage":"en-GB"},{"@type":"Organization","@id":"https:\/\/morphdesign.dk\/#organization","name":"MORPH design","url":"https:\/\/morphdesign.dk\/","logo":{"@type":"ImageObject","inLanguage":"en-GB","@id":"https:\/\/morphdesign.dk\/#\/schema\/logo\/image\/","url":"https:\/\/morphdesign.dk\/wp-content\/uploads\/2022\/04\/cropped-MORPH_tekst_logo-1.png","contentUrl":"https:\/\/morphdesign.dk\/wp-content\/uploads\/2022\/04\/cropped-MORPH_tekst_logo-1.png","width":573,"height":529,"caption":"MORPH design"},"image":{"@id":"https:\/\/morphdesign.dk\/#\/schema\/logo\/image\/"},"sameAs":["https:\/\/instagram.com\/morph_design_dk"]}]}},"brands":[],"_links":{"self":[{"href":"https:\/\/morphdesign.dk\/en\/wp-json\/wp\/v2\/product\/16144","targetHints":{"allow":["GET"]}}],"collection":[{"href":"https:\/\/morphdesign.dk\/en\/wp-json\/wp\/v2\/product"}],"about":[{"href":"https:\/\/morphdesign.dk\/en\/wp-json\/wp\/v2\/types\/product"}],"wp:featuredmedia":[{"embeddable":true,"href":"https:\/\/morphdesign.dk\/en\/wp-json\/wp\/v2\/media\/16099"}],"wp:attachment":[{"href":"https:\/\/morphdesign.dk\/en\/wp-json\/wp\/v2\/media?parent=16144"}],"wp:term":[{"taxonomy":"pwb-brand","embeddable":true,"href":"https:\/\/morphdesign.dk\/en\/wp-json\/wp\/v2\/pwb-brand?post=16144"},{"taxonomy":"product_brand","embeddable":true,"href":"https:\/\/morphdesign.dk\/en\/wp-json\/wp\/v2\/product_brand?post=16144"},{"taxonomy":"product_cat","embeddable":true,"href":"https:\/\/morphdesign.dk\/en\/wp-json\/wp\/v2\/product_cat?post=16144"},{"taxonomy":"product_tag","embeddable":true,"href":"https:\/\/morphdesign.dk\/en\/wp-json\/wp\/v2\/product_tag?post=16144"}],"curies":[{"name":"wp","href":"https:\/\/api.w.org\/{rel}","templated":true}]}}