{"id":796,"date":"2023-08-08T11:17:35","date_gmt":"2023-08-08T11:17:35","guid":{"rendered":"https:\/\/morphdesign.dk\/?post_type=product&#038;p=796"},"modified":"2026-03-28T15:06:45","modified_gmt":"2026-03-28T13:06:45","slug":"morph-uni-army-sort-octo","status":"publish","type":"product","link":"https:\/\/morphdesign.dk\/en\/product\/morph-uni-army-sort-octo\/","title":{"rendered":"MORPH T-shirt unisex, army, black octopus"},"content":{"rendered":"<p>MORPH t-shirts in a nice quality that keep their color and fit after washing.<\/p>\n<p><strong>Material:<\/strong> 100% organic cotton.<br \/>\n<strong>Wash:<\/strong> Max 40\u00ba C.<br \/>\n<strong>Print:<\/strong> Do not iron directly on the print, only inside out, at a low temperature.<\/p>","protected":false},"excerpt":{"rendered":"<p>100% ORGANIC COTTON<\/p>\n<p>The fit is relaxed, somewhere between tight and loose.<br \/>\nAre a little small in size. Most go one size up.<br \/>\nMORPH t-shirts are prewashed, therefore minimal shrinkage.<\/p>","protected":false},"featured_media":5830,"template":"","meta":{"site-sidebar-layout":"default","site-content-layout":"","ast-site-content-layout":"default","site-content-style":"default","site-sidebar-style":"default","ast-global-header-display":"","ast-banner-title-visibility":"","ast-main-header-display":"","ast-hfb-above-header-display":"","ast-hfb-below-header-display":"","ast-hfb-mobile-header-display":"","site-post-title":"","ast-breadcrumbs-content":"","ast-featured-img":"","footer-sml-layout":"","ast-disable-related-posts":"","theme-transparent-header-meta":"default","adv-header-id-meta":"","stick-header-meta":"","header-above-stick-meta":"","header-main-stick-meta":"","header-below-stick-meta":"","astra-migrate-meta-layouts":"set","ast-page-background-enabled":"default","ast-page-background-meta":{"desktop":{"background-color":"var(--ast-global-color-4)","background-image":"","background-repeat":"repeat","background-position":"center center","background-size":"auto","background-attachment":"scroll","background-type":"","background-media":"","overlay-type":"","overlay-color":"","overlay-opacity":"","overlay-gradient":""},"tablet":{"background-color":"","background-image":"","background-repeat":"repeat","background-position":"center center","background-size":"auto","background-attachment":"scroll","background-type":"","background-media":"","overlay-type":"","overlay-color":"","overlay-opacity":"","overlay-gradient":""},"mobile":{"background-color":"","background-image":"","background-repeat":"repeat","background-position":"center center","background-size":"auto","background-attachment":"scroll","background-type":"","background-media":"","overlay-type":"","overlay-color":"","overlay-opacity":"","overlay-gradient":""}},"ast-content-background-meta":{"desktop":{"background-color":"var(--ast-global-color-5)","background-image":"","background-repeat":"repeat","background-position":"center center","background-size":"auto","background-attachment":"scroll","background-type":"","background-media":"","overlay-type":"","overlay-color":"","overlay-opacity":"","overlay-gradient":""},"tablet":{"background-color":"var(--ast-global-color-5)","background-image":"","background-repeat":"repeat","background-position":"center center","background-size":"auto","background-attachment":"scroll","background-type":"","background-media":"","overlay-type":"","overlay-color":"","overlay-opacity":"","overlay-gradient":""},"mobile":{"background-color":"var(--ast-global-color-5)","background-image":"","background-repeat":"repeat","background-position":"center center","background-size":"auto","background-attachment":"scroll","background-type":"","background-media":"","overlay-type":"","overlay-color":"","overlay-opacity":"","overlay-gradient":""}}},"pwb-brand":[290],"product_brand":[],"product_cat":[357,36,292],"product_tag":[337,306,354,355,296,298,325,327,322,331,329,321,304,335,342,302,301,300,299,307,293,333,326,328,324,332,330,323,305,336,343,303,295,294,334,348,349,353,352],"class_list":{"0":"post-796","1":"product","2":"type-product","3":"status-publish","4":"has-post-thumbnail","6":"pwb-brand-t-shirts","7":"product_cat-t-shirts-unisex-octo","8":"product_cat-t-shirt-uni-army","9":"product_cat-t-shirts-2","10":"product_tag-grafisk-tryk","11":"product_tag-oekologisk-t-shirt","12":"product_tag-print-paa-t-shirts","13":"product_tag-print-paa-tshirts","14":"product_tag-t-shirt","15":"product_tag-t-shirt-maend","16":"product_tag-t-shirt-med-blaeksprutte","17":"product_tag-t-shirt-med-dyr","18":"product_tag-t-shirt-med-firben","19":"product_tag-t-shirt-med-fisk","20":"product_tag-t-shirt-med-froe","21":"product_tag-t-shirt-med-gekko","22":"product_tag-t-shirt-med-grafik","23":"product_tag-t-shirt-med-grafisk-tryk","24":"product_tag-t-shirt-med-kraken","25":"product_tag-t-shirt-med-motiv","26":"product_tag-t-shirt-med-print","27":"product_tag-t-shirt-med-tryk","28":"product_tag-t-shirt-med-tryk-maend","29":"product_tag-t-shirt-til-kvinder","30":"product_tag-t-shirts","31":"product_tag-t-shirts-maend","32":"product_tag-t-shirts-med-blaeksprutte","33":"product_tag-t-shirts-med-dyr","34":"product_tag-t-shirts-med-firben","35":"product_tag-t-shirts-med-fisk","36":"product_tag-t-shirts-med-froe","37":"product_tag-t-shirts-med-gekko","38":"product_tag-t-shirts-med-grafik","39":"product_tag-t-shirts-med-grafisk-tryk","40":"product_tag-t-shirts-med-kraken","41":"product_tag-t-shirts-med-motiv","42":"product_tag-t-shirts-med-print","43":"product_tag-t-shirts-med-tryk","44":"product_tag-t-shirts-til-kvinder","45":"product_tag-trykte-t-shirts","46":"product_tag-trykte-tshirts","47":"product_tag-tshirt-med-print","48":"product_tag-tshirts-med-print","49":"desktop-align-center","50":"tablet-align-left","51":"mobile-align-center","53":"first","54":"instock","55":"taxable","56":"shipping-taxable","57":"purchasable","58":"product-type-variable","59":"has-default-attributes"},"yoast_head":"<!-- This site is optimized with the Yoast SEO plugin v27.4 - https:\/\/yoast.com\/product\/yoast-seo-wordpress\/ -->\n<title>MORPH design | t-shirts med tryk | army | sort bl\u00e6ksprutte<\/title>\n<meta name=\"description\" content=\"MORPH design&#039;s t-shirts med tryk er lavet i en god kvalitet \u00f8kologisk bomuld med MORPH design&#039;s egne grafiske tryk. Motiverne er bl.a. bl\u00e6ksprutte, fr\u00f8 og firben, og de f\u00e5s i farverne sort, gr\u00e5, lysegr\u00e5, army, marine, kobolt og hvid.\" \/>\n<meta name=\"robots\" content=\"index, follow, max-snippet:-1, max-image-preview:large, max-video-preview:-1\" \/>\n<link rel=\"canonical\" href=\"https:\/\/morphdesign.dk\/en\/product\/morph-uni-army-sort-octo\/\" \/>\n<meta property=\"og:locale\" content=\"en_GB\" \/>\n<meta property=\"og:type\" content=\"article\" \/>\n<meta property=\"og:title\" content=\"MORPH design | t-shirts med tryk | army | sort bl\u00e6ksprutte\" \/>\n<meta property=\"og:description\" content=\"MORPH design&#039;s t-shirts med tryk er lavet i en god kvalitet \u00f8kologisk bomuld med MORPH design&#039;s egne grafiske tryk. Motiverne er bl.a. bl\u00e6ksprutte, fr\u00f8 og firben, og de f\u00e5s i farverne sort, gr\u00e5, lysegr\u00e5, army, marine, kobolt og hvid.\" \/>\n<meta property=\"og:url\" content=\"https:\/\/morphdesign.dk\/en\/product\/morph-uni-army-sort-octo\/\" \/>\n<meta property=\"article:modified_time\" content=\"2026-03-28T13:06:45+00:00\" \/>\n<meta property=\"og:image\" content=\"https:\/\/morphdesign.dk\/wp-content\/uploads\/2023\/09\/UNISEX_army_sort_octo.png\" \/>\n\t<meta property=\"og:image:width\" content=\"1328\" \/>\n\t<meta property=\"og:image:height\" content=\"1400\" \/>\n\t<meta property=\"og:image:type\" content=\"image\/png\" \/>\n<meta name=\"twitter:card\" content=\"summary_large_image\" \/>\n<meta name=\"twitter:label1\" content=\"Estimated reading time\" \/>\n\t<meta name=\"twitter:data1\" content=\"1 minute\" \/>\n<script type=\"application\/ld+json\" class=\"yoast-schema-graph\">{\"@context\":\"https:\\\/\\\/schema.org\",\"@graph\":[{\"@type\":\"WebPage\",\"@id\":\"https:\\\/\\\/morphdesign.dk\\\/vare\\\/morph-uni-army-sort-octo\\\/\",\"url\":\"https:\\\/\\\/morphdesign.dk\\\/vare\\\/morph-uni-army-sort-octo\\\/\",\"name\":\"MORPH design | t-shirts med tryk | army | sort bl\u00e6ksprutte\",\"isPartOf\":{\"@id\":\"https:\\\/\\\/morphdesign.dk\\\/#website\"},\"primaryImageOfPage\":{\"@id\":\"https:\\\/\\\/morphdesign.dk\\\/vare\\\/morph-uni-army-sort-octo\\\/#primaryimage\"},\"image\":{\"@id\":\"https:\\\/\\\/morphdesign.dk\\\/vare\\\/morph-uni-army-sort-octo\\\/#primaryimage\"},\"thumbnailUrl\":\"https:\\\/\\\/morphdesign.dk\\\/wp-content\\\/uploads\\\/2023\\\/09\\\/UNISEX_army_sort_octo.png\",\"datePublished\":\"2023-08-08T11:17:35+00:00\",\"dateModified\":\"2026-03-28T13:06:45+00:00\",\"description\":\"MORPH design's t-shirts med tryk er lavet i en god kvalitet \u00f8kologisk bomuld med MORPH design's egne grafiske tryk. Motiverne er bl.a. bl\u00e6ksprutte, fr\u00f8 og firben, og de f\u00e5s i farverne sort, gr\u00e5, lysegr\u00e5, army, marine, kobolt og hvid.\",\"breadcrumb\":{\"@id\":\"https:\\\/\\\/morphdesign.dk\\\/vare\\\/morph-uni-army-sort-octo\\\/#breadcrumb\"},\"inLanguage\":\"en-GB\",\"potentialAction\":[{\"@type\":\"ReadAction\",\"target\":[\"https:\\\/\\\/morphdesign.dk\\\/vare\\\/morph-uni-army-sort-octo\\\/\"]}]},{\"@type\":\"ImageObject\",\"inLanguage\":\"en-GB\",\"@id\":\"https:\\\/\\\/morphdesign.dk\\\/vare\\\/morph-uni-army-sort-octo\\\/#primaryimage\",\"url\":\"https:\\\/\\\/morphdesign.dk\\\/wp-content\\\/uploads\\\/2023\\\/09\\\/UNISEX_army_sort_octo.png\",\"contentUrl\":\"https:\\\/\\\/morphdesign.dk\\\/wp-content\\\/uploads\\\/2023\\\/09\\\/UNISEX_army_sort_octo.png\",\"width\":1328,\"height\":1400,\"caption\":\"t-shirts med bl\u00e6ksprutte, t-shirt med bl\u00e6ksprutte, t-shirt med tryk, t-shirts med tryk, tryk p\u00e5 t-shirts\"},{\"@type\":\"BreadcrumbList\",\"@id\":\"https:\\\/\\\/morphdesign.dk\\\/vare\\\/morph-uni-army-sort-octo\\\/#breadcrumb\",\"itemListElement\":[{\"@type\":\"ListItem\",\"position\":1,\"name\":\"Hjem\",\"item\":\"https:\\\/\\\/morphdesign.dk\\\/\"},{\"@type\":\"ListItem\",\"position\":2,\"name\":\"Varer\",\"item\":\"https:\\\/\\\/morphdesign.dk\\\/shop_old\\\/\"},{\"@type\":\"ListItem\",\"position\":3,\"name\":\"MORPH T-shirt unisex, army, sort bl\u00e6ksprutte\"}]},{\"@type\":\"WebSite\",\"@id\":\"https:\\\/\\\/morphdesign.dk\\\/#website\",\"url\":\"https:\\\/\\\/morphdesign.dk\\\/\",\"name\":\"MORPHdesign.dk\",\"description\":\"SHOP, GALLERI, V&AElig;RKSTED\",\"publisher\":{\"@id\":\"https:\\\/\\\/morphdesign.dk\\\/#organization\"},\"potentialAction\":[{\"@type\":\"SearchAction\",\"target\":{\"@type\":\"EntryPoint\",\"urlTemplate\":\"https:\\\/\\\/morphdesign.dk\\\/?s={search_term_string}\"},\"query-input\":{\"@type\":\"PropertyValueSpecification\",\"valueRequired\":true,\"valueName\":\"search_term_string\"}}],\"inLanguage\":\"en-GB\"},{\"@type\":\"Organization\",\"@id\":\"https:\\\/\\\/morphdesign.dk\\\/#organization\",\"name\":\"MORPH design\",\"url\":\"https:\\\/\\\/morphdesign.dk\\\/\",\"logo\":{\"@type\":\"ImageObject\",\"inLanguage\":\"en-GB\",\"@id\":\"https:\\\/\\\/morphdesign.dk\\\/#\\\/schema\\\/logo\\\/image\\\/\",\"url\":\"https:\\\/\\\/morphdesign.dk\\\/wp-content\\\/uploads\\\/2022\\\/04\\\/cropped-MORPH_tekst_logo-1.png\",\"contentUrl\":\"https:\\\/\\\/morphdesign.dk\\\/wp-content\\\/uploads\\\/2022\\\/04\\\/cropped-MORPH_tekst_logo-1.png\",\"width\":573,\"height\":529,\"caption\":\"MORPH design\"},\"image\":{\"@id\":\"https:\\\/\\\/morphdesign.dk\\\/#\\\/schema\\\/logo\\\/image\\\/\"},\"sameAs\":[\"https:\\\/\\\/instagram.com\\\/morph_design_dk\"]}]}<\/script>\n<!-- \/ Yoast SEO plugin. -->","yoast_head_json":{"title":"MORPH design | t-shirts med tryk | army | sort bl\u00e6ksprutte","description":"MORPH design's t-shirts med tryk er lavet i en god kvalitet \u00f8kologisk bomuld med MORPH design's egne grafiske tryk. Motiverne er bl.a. bl\u00e6ksprutte, fr\u00f8 og firben, og de f\u00e5s i farverne sort, gr\u00e5, lysegr\u00e5, army, marine, kobolt og hvid.","robots":{"index":"index","follow":"follow","max-snippet":"max-snippet:-1","max-image-preview":"max-image-preview:large","max-video-preview":"max-video-preview:-1"},"canonical":"https:\/\/morphdesign.dk\/en\/product\/morph-uni-army-sort-octo\/","og_locale":"en_GB","og_type":"article","og_title":"MORPH design | t-shirts med tryk | army | sort bl\u00e6ksprutte","og_description":"MORPH design's t-shirts med tryk er lavet i en god kvalitet \u00f8kologisk bomuld med MORPH design's egne grafiske tryk. Motiverne er bl.a. bl\u00e6ksprutte, fr\u00f8 og firben, og de f\u00e5s i farverne sort, gr\u00e5, lysegr\u00e5, army, marine, kobolt og hvid.","og_url":"https:\/\/morphdesign.dk\/en\/product\/morph-uni-army-sort-octo\/","article_modified_time":"2026-03-28T13:06:45+00:00","og_image":[{"width":1328,"height":1400,"url":"https:\/\/morphdesign.dk\/wp-content\/uploads\/2023\/09\/UNISEX_army_sort_octo.png","type":"image\/png"}],"twitter_card":"summary_large_image","twitter_misc":{"Estimated reading time":"1 minute"},"schema":{"@context":"https:\/\/schema.org","@graph":[{"@type":"WebPage","@id":"https:\/\/morphdesign.dk\/vare\/morph-uni-army-sort-octo\/","url":"https:\/\/morphdesign.dk\/vare\/morph-uni-army-sort-octo\/","name":"MORPH design | t-shirts med tryk | army | sort bl\u00e6ksprutte","isPartOf":{"@id":"https:\/\/morphdesign.dk\/#website"},"primaryImageOfPage":{"@id":"https:\/\/morphdesign.dk\/vare\/morph-uni-army-sort-octo\/#primaryimage"},"image":{"@id":"https:\/\/morphdesign.dk\/vare\/morph-uni-army-sort-octo\/#primaryimage"},"thumbnailUrl":"https:\/\/morphdesign.dk\/wp-content\/uploads\/2023\/09\/UNISEX_army_sort_octo.png","datePublished":"2023-08-08T11:17:35+00:00","dateModified":"2026-03-28T13:06:45+00:00","description":"MORPH design's t-shirts med tryk er lavet i en god kvalitet \u00f8kologisk bomuld med MORPH design's egne grafiske tryk. Motiverne er bl.a. bl\u00e6ksprutte, fr\u00f8 og firben, og de f\u00e5s i farverne sort, gr\u00e5, lysegr\u00e5, army, marine, kobolt og hvid.","breadcrumb":{"@id":"https:\/\/morphdesign.dk\/vare\/morph-uni-army-sort-octo\/#breadcrumb"},"inLanguage":"en-GB","potentialAction":[{"@type":"ReadAction","target":["https:\/\/morphdesign.dk\/vare\/morph-uni-army-sort-octo\/"]}]},{"@type":"ImageObject","inLanguage":"en-GB","@id":"https:\/\/morphdesign.dk\/vare\/morph-uni-army-sort-octo\/#primaryimage","url":"https:\/\/morphdesign.dk\/wp-content\/uploads\/2023\/09\/UNISEX_army_sort_octo.png","contentUrl":"https:\/\/morphdesign.dk\/wp-content\/uploads\/2023\/09\/UNISEX_army_sort_octo.png","width":1328,"height":1400,"caption":"t-shirts med bl\u00e6ksprutte, t-shirt med bl\u00e6ksprutte, t-shirt med tryk, t-shirts med tryk, tryk p\u00e5 t-shirts"},{"@type":"BreadcrumbList","@id":"https:\/\/morphdesign.dk\/vare\/morph-uni-army-sort-octo\/#breadcrumb","itemListElement":[{"@type":"ListItem","position":1,"name":"Hjem","item":"https:\/\/morphdesign.dk\/"},{"@type":"ListItem","position":2,"name":"Varer","item":"https:\/\/morphdesign.dk\/shop_old\/"},{"@type":"ListItem","position":3,"name":"MORPH T-shirt unisex, army, sort bl\u00e6ksprutte"}]},{"@type":"WebSite","@id":"https:\/\/morphdesign.dk\/#website","url":"https:\/\/morphdesign.dk\/","name":"MORPHdesign.dk","description":"SHOP, GALLERI, V&AElig;RKSTED","publisher":{"@id":"https:\/\/morphdesign.dk\/#organization"},"potentialAction":[{"@type":"SearchAction","target":{"@type":"EntryPoint","urlTemplate":"https:\/\/morphdesign.dk\/?s={search_term_string}"},"query-input":{"@type":"PropertyValueSpecification","valueRequired":true,"valueName":"search_term_string"}}],"inLanguage":"en-GB"},{"@type":"Organization","@id":"https:\/\/morphdesign.dk\/#organization","name":"MORPH design","url":"https:\/\/morphdesign.dk\/","logo":{"@type":"ImageObject","inLanguage":"en-GB","@id":"https:\/\/morphdesign.dk\/#\/schema\/logo\/image\/","url":"https:\/\/morphdesign.dk\/wp-content\/uploads\/2022\/04\/cropped-MORPH_tekst_logo-1.png","contentUrl":"https:\/\/morphdesign.dk\/wp-content\/uploads\/2022\/04\/cropped-MORPH_tekst_logo-1.png","width":573,"height":529,"caption":"MORPH design"},"image":{"@id":"https:\/\/morphdesign.dk\/#\/schema\/logo\/image\/"},"sameAs":["https:\/\/instagram.com\/morph_design_dk"]}]}},"brands":[{"id":290,"name":"MORPH design T-SHIRTS med tryk","slug":"t-shirts"}],"_links":{"self":[{"href":"https:\/\/morphdesign.dk\/en\/wp-json\/wp\/v2\/product\/796","targetHints":{"allow":["GET"]}}],"collection":[{"href":"https:\/\/morphdesign.dk\/en\/wp-json\/wp\/v2\/product"}],"about":[{"href":"https:\/\/morphdesign.dk\/en\/wp-json\/wp\/v2\/types\/product"}],"wp:featuredmedia":[{"embeddable":true,"href":"https:\/\/morphdesign.dk\/en\/wp-json\/wp\/v2\/media\/5830"}],"wp:attachment":[{"href":"https:\/\/morphdesign.dk\/en\/wp-json\/wp\/v2\/media?parent=796"}],"wp:term":[{"taxonomy":"pwb-brand","embeddable":true,"href":"https:\/\/morphdesign.dk\/en\/wp-json\/wp\/v2\/pwb-brand?post=796"},{"taxonomy":"product_brand","embeddable":true,"href":"https:\/\/morphdesign.dk\/en\/wp-json\/wp\/v2\/product_brand?post=796"},{"taxonomy":"product_cat","embeddable":true,"href":"https:\/\/morphdesign.dk\/en\/wp-json\/wp\/v2\/product_cat?post=796"},{"taxonomy":"product_tag","embeddable":true,"href":"https:\/\/morphdesign.dk\/en\/wp-json\/wp\/v2\/product_tag?post=796"}],"curies":[{"name":"wp","href":"https:\/\/api.w.org\/{rel}","templated":true}]}}